{"id":563,"date":"2025-04-20T16:16:35","date_gmt":"2025-04-20T22:16:35","guid":{"rendered":"https:\/\/somosuacmx.com.mx\/home\/?page_id=563"},"modified":"2025-04-20T16:48:26","modified_gmt":"2025-04-20T22:48:26","slug":"modelo-educativo-uac-nem","status":"publish","type":"page","link":"https:\/\/somosuacmx.com.mx\/home\/modelo-educativo-uac-nem\/","title":{"rendered":"Conoce nuestro modelo educativo"},"content":{"rendered":"\n<div id=\"section-g-5g3i0hi\" class=\"wp-block-gutentor-e0 section-g-5g3i0hi gutentor-element gutentor-element-advanced-text\"><div class=\"gutentor-text-wrap\"><p class=\"gutentor-text\"><\/p><\/div><\/div>\n\n\n\n<div id=\"section-g-xxl6vc4\" class=\"wp-block-gutentor-e6 alignwide section-g-xxl6vc4 gutentor-element gutentor-element-image\"><div class=\"gutentor-element-image-box\"><div class=\"gutentor-image-thumb\"><img decoding=\"async\" class=\"normal-image\" src=\"https:\/\/somosuacmx.com.mx\/home\/wp-content\/uploads\/2025\/04\/Screenshot-from-2025-04-20-16.07.21.png\" \/><\/div><\/div><\/div>\n\n\n\n<p><strong>La Nueva Escuela Mexicana (NEM)<\/strong> es el nombre del Modelo Educativo que la Secretar\u00eda de Educaci\u00f3n P\u00fablica (SEP) propuso en 2019 y, el cual, sustenta nuestro plan de estudios que ofrecemos en este Bachillerato Virtual.<br><\/p>\n\n\n\n<p>Los pilares fundamentales a lograr en este proyecto educativo son: brindar una <strong>educaci\u00f3n de excelencia y con sentido humano,<\/strong> bajo un enfoque cr\u00edtico, humanista y comunitario que forme estudiantes con una visi\u00f3n m\u00e1s amplia e integral; es decir, educar no s\u00f3lo para adquirir conocimientos y habilidades cognitivas sino tambi\u00e9n para:<\/p>\n\n\n\n<ul class=\"wp-block-list\">\n<li>Conocerse, cuidarse y valorarse a s\u00ed mismos;<\/li>\n\n\n\n<li>Aprender acerca de c\u00f3mo pensar y no en qu\u00e9 pensar;<\/li>\n\n\n\n<li>Ejercer el di\u00e1logo como base para relacionarse y convivir con los dem\u00e1s;<\/li>\n\n\n\n<li>Adquirir valores \u00e9ticos y democr\u00e1ticos; y<\/li>\n\n\n\n<li>Colaborar e integrarse en comunidad para lograr la transformaci\u00f3n social.<\/li>\n<\/ul>\n\n\n\n<p>Por ello, con base en lo anterior, es de suma importancia que conozcas el origen del Marco Curricular que sustenta el modelo educativo de la NEM, pero tambi\u00e9n <strong>dos importantes cualidades que lo caracterizan y que si las identificas y aprovechas, sin duda mejorar\u00e1 tu formaci\u00f3n acad\u00e9mica, <\/strong>\u00e9stas son: <strong>la interdisciplinariedad y la transversalidad.<\/strong><br><\/p>\n\n\n\n<section id=\"section-d2dcc5be-c1a9-4e01-af94-17bf14f97819\" class=\"wp-block-gutentor-advanced-columns gutentor-section gutentor-advanced-columns has-color-bg has-custom-bg\"><div class=\"grid-container\"><div class=\"grid-row\">\n<div id=\"section-93bff577-3bed-4bdb-96bc-4a6ade08200d\" class=\"wp-block-gutentor-single-column gutentor-single-column  grid-lg-7 grid-md-12 grid-12\">\n<div id=\"section-3095ef64-8c38-4b21-a176-d83687e1c970\" class=\"wp-block-gutentor-content-box gutentor-section gutentor-content-box-wrapper content-template1\"><div class=\"grid-container gutentor-rm-ct-space\"><div class=\"gutentor-block-header\"><div class=\"gutentor-section-title text-left\"><h2 class=\"gutentor-title\">Interdisciplinariedad<\/h2><\/div><\/div><div class=\"grid-row gutentor-grid-item-wrap\"><div class=\"gutentor-grid-column grid-lg-12 grid-md-12 grid-12\"><div class=\"gutentor-single-item gutentor-single-item-0\"><div class=\"gutentor-single-item-wrap\"><div class=\"gutentor-single-item-content\"><h3 class=\"gutentor-single-item-title\"><\/h3><p class=\"gutentor-single-item-desc\">Se refiere a una estrategia pedag\u00f3gica que valora la colaboraci\u00f3n de diversas disciplinas entre s\u00ed evitando la fragmentaci\u00f3n del conocimiento. Gracias a ella, en este plan de estudios de Bachillerato Virtual, los contenidos de las Unidades de Aprendizaje Curriculares (UAC por sus siglas) se relacionan y complementan entre s\u00ed. <br><br><em>\u201cLa interdisciplinariedad se refiere a la cualidad de realizar un estudio u otra actividad con la cooperaci\u00f3n de varias disciplinas. La promoci\u00f3n de la relaci\u00f3n interdisciplinaria se contempla en el nuevo curr\u00edculo, el cual busca que la ense\u00f1anza fomente la relaci\u00f3n entre disciplinas, \u00e1reas del conocimiento y asignaturas\u201d. (SEP, 2017: 880)<\/em><\/p><\/div><\/div><\/div><\/div><\/div><\/div><\/div>\n<\/div>\n\n\n\n<div id=\"section-a5e0fdc5-abe4-46ca-87a6-8001ea51ea53\" class=\"wp-block-gutentor-single-column gutentor-single-column  grid-lg-5 grid-md-12 grid-12\">\n<div id=\"section-g2713de\" class=\"wp-block-gutentor-e6 section-g2713de gutentor-element gutentor-element-image\"><div class=\"gutentor-element-image-box\"><div class=\"gutentor-image-thumb\"><img decoding=\"async\" class=\"normal-image\" src=\"https:\/\/somosuacmx.com.mx\/home\/wp-content\/uploads\/2025\/04\/Screenshot-from-2025-04-20-16.15.41.png\" \/><\/div><\/div><\/div>\n<\/div>\n<\/div><\/div><\/section>\n\n\n\n<section id=\"section-d621823d-4f90-4b96-b870-f54635e21f54\" class=\"wp-block-gutentor-advanced-columns gutentor-section gutentor-advanced-columns has-color-bg has-custom-bg\"><div class=\"grid-container\"><div class=\"grid-row\">\n<section id=\"section-ee814bf9-de17-4641-802f-bff4bd3e50df\" class=\"wp-block-gutentor-single-column gutentor-single-column  grid-lg-4 grid-md-12 grid-12\">\n<section id=\"section-fc176d16-ec00-499c-83a2-18d97aeda62f\" class=\"wp-block-gutentor-content-box gutentor-section gutentor-content-box-wrapper content-template1\"><div class=\"grid-container gutentor-rm-ct-space\"><div class=\"grid-row gutentor-grid-item-wrap gutentor-rm-row-space\"><div class=\"gutentor-grid-column grid-lg-12 grid-md-12 grid-12 gutentor-rm-col-space\"><div class=\"gutentor-single-item gutentor-single-item-0\"><div class=\"gutentor-single-item-wrap\"><div class=\"gutentor-single-item-content\"><h3 class=\"gutentor-single-item-title\">La Nueva Escuela Mexicana (NEM) y sus valores<\/h3><\/div><\/div><\/div><\/div><\/div><\/div><\/section>\n<\/section>\n\n\n\n<section id=\"section-1cc26377-2a23-469f-9f2c-ce02a40844d9\" class=\"wp-block-gutentor-single-column gutentor-single-column  grid-lg-8 grid-md-12 grid-12\">\n<section id=\"section-0ec2d9a4-c6fa-42f9-8a48-9f5caf24cfb7\" class=\"wp-block-gutentor-content-box gutentor-section gutentor-content-box-wrapper content-template1\"><div class=\"grid-container gutentor-rm-ct-space\"><div class=\"grid-row gutentor-grid-item-wrap gutentor-rm-row-space\"><div class=\"gutentor-grid-column grid-lg-12 grid-md-12 grid-12 gutentor-rm-col-space\"><div class=\"gutentor-single-item gutentor-single-item-0\"><div class=\"gutentor-single-item-wrap\"><div class=\"gutentor-single-item-content\"><h3 class=\"gutentor-single-item-title\">Transversalidad<\/h3><p class=\"gutentor-single-item-desc\">Por otro lado,<strong> la transversalidad<\/strong> tiene el objetivo de materializar un curr\u00edculo o plan de estudios orientado hacia el desarrollo de diversos tipos de competencias<\/p><\/div><\/div><\/div><\/div><\/div><\/div><\/section>\n<\/section>\n<\/div><\/div><\/section>\n\n\n\n<p>Aunado a lo anterior, consulta la siguiente explicaci\u00f3n que brinda la especialista Brenda Dur\u00e1n (2022) sobre las cualidades de la transversalidad e interdisciplina del curr\u00edculo (Plan de estudios) en el nivel medio superior:<\/p>\n\n\n\n<div id=\"section-g-leze60u\" class=\"wp-block-gutentor-e11 section-g-leze60u gutentor-element gutentor-element-video-popup text-align-center-mobile\"><div class=\"gutentor-element-video-popup-wrap\"><a class=\"gutentor-video-popup-holder\" href=\"https:\/\/somosuacmx.com.mx\/home\/wp-content\/uploads\/2025\/04\/Cualidades-del-Modelo-Educativo-editado.m4v\"><span class=\"video-popup-icon-box\"><i class=\"fas fa-play\"><\/i><\/span><\/a><\/div><\/div>\n","protected":false},"excerpt":{"rendered":"<p>La Nueva Escuela Mexicana (NEM) es el nombre del Modelo Educativo que la Secretar\u00eda de Educaci\u00f3n P\u00fablica (SEP) propuso en 2019 y, el cual, sustenta nuestro plan de estudios que ofrecemos en este Bachillerato Virtual. Los pilares fundamentales a lograr en este proyecto educativo son: brindar una educaci\u00f3n de excelencia y con sentido humano, bajo&hellip;<\/p>\n","protected":false},"author":1,"featured_media":0,"parent":0,"menu_order":0,"comment_status":"closed","ping_status":"closed","template":"","meta":{"_uag_custom_page_level_css":"","footnotes":""},"class_list":["post-563","page","type-page","status-publish","hentry"],"yoast_head":"<!-- This site is optimized with the Yoast SEO plugin v27.3 - https:\/\/yoast.com\/product\/yoast-seo-wordpress\/ -->\n<title>Conoce el Modelo Educativo de nuestra Unidad Acad\u00e9mica: NEM<\/title>\n<meta name=\"description\" content=\"Descubre c\u00f3mo el modelo educativo de la Nueva Escuela Mexicana gu\u00eda la formaci\u00f3n integral en la Unidad Acad\u00e9mica de Occidente. Innovaci\u00f3n y enfoque humanista en nuestro Bachillerato Virtual.\" \/>\n<meta name=\"robots\" content=\"index, follow, max-snippet:-1, max-image-preview:large, max-video-preview:-1\" \/>\n<link rel=\"canonical\" href=\"https:\/\/somosuacmx.com.mx\/home\/modelo-educativo-uac-nem\/\" \/>\n<meta property=\"og:locale\" content=\"es_ES\" \/>\n<meta property=\"og:type\" content=\"article\" \/>\n<meta property=\"og:title\" content=\"Conoce el Modelo Educativo de nuestra Unidad Acad\u00e9mica: NEM\" \/>\n<meta property=\"og:description\" content=\"Descubre c\u00f3mo el modelo educativo de la Nueva Escuela Mexicana gu\u00eda la formaci\u00f3n integral en la Unidad Acad\u00e9mica de Occidente. Innovaci\u00f3n y enfoque humanista en nuestro Bachillerato Virtual.\" \/>\n<meta property=\"og:url\" content=\"https:\/\/somosuacmx.com.mx\/home\/modelo-educativo-uac-nem\/\" \/>\n<meta property=\"og:site_name\" content=\"UAO\" \/>\n<meta property=\"article:modified_time\" content=\"2025-04-20T22:48:26+00:00\" \/>\n<meta property=\"og:image\" content=\"https:\/\/somosuacmx.com.mx\/home\/wp-content\/uploads\/2025\/04\/Screenshot-from-2025-04-20-16.07.21.png\" \/>\n<meta name=\"twitter:card\" content=\"summary_large_image\" \/>\n<meta name=\"twitter:label1\" content=\"Tiempo de lectura\" \/>\n\t<meta name=\"twitter:data1\" content=\"3 minutos\" \/>\n<script type=\"application\/ld+json\" class=\"yoast-schema-graph\">{\"@context\":\"https:\\\/\\\/schema.org\",\"@graph\":[{\"@type\":\"WebPage\",\"@id\":\"https:\\\/\\\/somosuacmx.com.mx\\\/home\\\/modelo-educativo-uac-nem\\\/\",\"url\":\"https:\\\/\\\/somosuacmx.com.mx\\\/home\\\/modelo-educativo-uac-nem\\\/\",\"name\":\"Conoce el Modelo Educativo de nuestra Unidad Acad\u00e9mica: NEM\",\"isPartOf\":{\"@id\":\"https:\\\/\\\/somosuacmx.com.mx\\\/home\\\/#website\"},\"primaryImageOfPage\":{\"@id\":\"https:\\\/\\\/somosuacmx.com.mx\\\/home\\\/modelo-educativo-uac-nem\\\/#primaryimage\"},\"image\":{\"@id\":\"https:\\\/\\\/somosuacmx.com.mx\\\/home\\\/modelo-educativo-uac-nem\\\/#primaryimage\"},\"thumbnailUrl\":\"https:\\\/\\\/somosuacmx.com.mx\\\/home\\\/wp-content\\\/uploads\\\/2025\\\/04\\\/Screenshot-from-2025-04-20-16.07.21.png\",\"datePublished\":\"2025-04-20T22:16:35+00:00\",\"dateModified\":\"2025-04-20T22:48:26+00:00\",\"description\":\"Descubre c\u00f3mo el modelo educativo de la Nueva Escuela Mexicana gu\u00eda la formaci\u00f3n integral en la Unidad Acad\u00e9mica de Occidente. Innovaci\u00f3n y enfoque humanista en nuestro Bachillerato Virtual.\",\"breadcrumb\":{\"@id\":\"https:\\\/\\\/somosuacmx.com.mx\\\/home\\\/modelo-educativo-uac-nem\\\/#breadcrumb\"},\"inLanguage\":\"es\",\"potentialAction\":[{\"@type\":\"ReadAction\",\"target\":[\"https:\\\/\\\/somosuacmx.com.mx\\\/home\\\/modelo-educativo-uac-nem\\\/\"]}]},{\"@type\":\"ImageObject\",\"inLanguage\":\"es\",\"@id\":\"https:\\\/\\\/somosuacmx.com.mx\\\/home\\\/modelo-educativo-uac-nem\\\/#primaryimage\",\"url\":\"https:\\\/\\\/somosuacmx.com.mx\\\/home\\\/wp-content\\\/uploads\\\/2025\\\/04\\\/Screenshot-from-2025-04-20-16.07.21.png\",\"contentUrl\":\"https:\\\/\\\/somosuacmx.com.mx\\\/home\\\/wp-content\\\/uploads\\\/2025\\\/04\\\/Screenshot-from-2025-04-20-16.07.21.png\",\"width\":803,\"height\":232},{\"@type\":\"BreadcrumbList\",\"@id\":\"https:\\\/\\\/somosuacmx.com.mx\\\/home\\\/modelo-educativo-uac-nem\\\/#breadcrumb\",\"itemListElement\":[{\"@type\":\"ListItem\",\"position\":1,\"name\":\"Portada\",\"item\":\"https:\\\/\\\/somosuacmx.com.mx\\\/home\\\/\"},{\"@type\":\"ListItem\",\"position\":2,\"name\":\"Conoce nuestro modelo educativo\"}]},{\"@type\":\"WebSite\",\"@id\":\"https:\\\/\\\/somosuacmx.com.mx\\\/home\\\/#website\",\"url\":\"https:\\\/\\\/somosuacmx.com.mx\\\/home\\\/\",\"name\":\"Somos UAC\",\"description\":\"Unidad Acad&eacute;mica de Occidente\",\"publisher\":{\"@id\":\"https:\\\/\\\/somosuacmx.com.mx\\\/home\\\/#organization\"},\"potentialAction\":[{\"@type\":\"SearchAction\",\"target\":{\"@type\":\"EntryPoint\",\"urlTemplate\":\"https:\\\/\\\/somosuacmx.com.mx\\\/home\\\/?s={search_term_string}\"},\"query-input\":{\"@type\":\"PropertyValueSpecification\",\"valueRequired\":true,\"valueName\":\"search_term_string\"}}],\"inLanguage\":\"es\"},{\"@type\":\"Organization\",\"@id\":\"https:\\\/\\\/somosuacmx.com.mx\\\/home\\\/#organization\",\"name\":\"Unidad Acad\u00e9mica de Occidente\",\"url\":\"https:\\\/\\\/somosuacmx.com.mx\\\/home\\\/\",\"logo\":{\"@type\":\"ImageObject\",\"inLanguage\":\"es\",\"@id\":\"https:\\\/\\\/somosuacmx.com.mx\\\/home\\\/#\\\/schema\\\/logo\\\/image\\\/\",\"url\":\"https:\\\/\\\/somosuacmx.com.mx\\\/home\\\/wp-content\\\/uploads\\\/2024\\\/11\\\/logo_blanco.jpg\",\"contentUrl\":\"https:\\\/\\\/somosuacmx.com.mx\\\/home\\\/wp-content\\\/uploads\\\/2024\\\/11\\\/logo_blanco.jpg\",\"width\":1080,\"height\":1080,\"caption\":\"Unidad Acad\u00e9mica de Occidente\"},\"image\":{\"@id\":\"https:\\\/\\\/somosuacmx.com.mx\\\/home\\\/#\\\/schema\\\/logo\\\/image\\\/\"}}]}<\/script>\n<!-- \/ Yoast SEO plugin. -->","yoast_head_json":{"title":"Conoce el Modelo Educativo de nuestra Unidad Acad\u00e9mica: NEM","description":"Descubre c\u00f3mo el modelo educativo de la Nueva Escuela Mexicana gu\u00eda la formaci\u00f3n integral en la Unidad Acad\u00e9mica de Occidente. Innovaci\u00f3n y enfoque humanista en nuestro Bachillerato Virtual.","robots":{"index":"index","follow":"follow","max-snippet":"max-snippet:-1","max-image-preview":"max-image-preview:large","max-video-preview":"max-video-preview:-1"},"canonical":"https:\/\/somosuacmx.com.mx\/home\/modelo-educativo-uac-nem\/","og_locale":"es_ES","og_type":"article","og_title":"Conoce el Modelo Educativo de nuestra Unidad Acad\u00e9mica: NEM","og_description":"Descubre c\u00f3mo el modelo educativo de la Nueva Escuela Mexicana gu\u00eda la formaci\u00f3n integral en la Unidad Acad\u00e9mica de Occidente. Innovaci\u00f3n y enfoque humanista en nuestro Bachillerato Virtual.","og_url":"https:\/\/somosuacmx.com.mx\/home\/modelo-educativo-uac-nem\/","og_site_name":"UAO","article_modified_time":"2025-04-20T22:48:26+00:00","og_image":[{"url":"https:\/\/somosuacmx.com.mx\/home\/wp-content\/uploads\/2025\/04\/Screenshot-from-2025-04-20-16.07.21.png","type":"","width":"","height":""}],"twitter_card":"summary_large_image","twitter_misc":{"Tiempo de lectura":"3 minutos"},"schema":{"@context":"https:\/\/schema.org","@graph":[{"@type":"WebPage","@id":"https:\/\/somosuacmx.com.mx\/home\/modelo-educativo-uac-nem\/","url":"https:\/\/somosuacmx.com.mx\/home\/modelo-educativo-uac-nem\/","name":"Conoce el Modelo Educativo de nuestra Unidad Acad\u00e9mica: NEM","isPartOf":{"@id":"https:\/\/somosuacmx.com.mx\/home\/#website"},"primaryImageOfPage":{"@id":"https:\/\/somosuacmx.com.mx\/home\/modelo-educativo-uac-nem\/#primaryimage"},"image":{"@id":"https:\/\/somosuacmx.com.mx\/home\/modelo-educativo-uac-nem\/#primaryimage"},"thumbnailUrl":"https:\/\/somosuacmx.com.mx\/home\/wp-content\/uploads\/2025\/04\/Screenshot-from-2025-04-20-16.07.21.png","datePublished":"2025-04-20T22:16:35+00:00","dateModified":"2025-04-20T22:48:26+00:00","description":"Descubre c\u00f3mo el modelo educativo de la Nueva Escuela Mexicana gu\u00eda la formaci\u00f3n integral en la Unidad Acad\u00e9mica de Occidente. Innovaci\u00f3n y enfoque humanista en nuestro Bachillerato Virtual.","breadcrumb":{"@id":"https:\/\/somosuacmx.com.mx\/home\/modelo-educativo-uac-nem\/#breadcrumb"},"inLanguage":"es","potentialAction":[{"@type":"ReadAction","target":["https:\/\/somosuacmx.com.mx\/home\/modelo-educativo-uac-nem\/"]}]},{"@type":"ImageObject","inLanguage":"es","@id":"https:\/\/somosuacmx.com.mx\/home\/modelo-educativo-uac-nem\/#primaryimage","url":"https:\/\/somosuacmx.com.mx\/home\/wp-content\/uploads\/2025\/04\/Screenshot-from-2025-04-20-16.07.21.png","contentUrl":"https:\/\/somosuacmx.com.mx\/home\/wp-content\/uploads\/2025\/04\/Screenshot-from-2025-04-20-16.07.21.png","width":803,"height":232},{"@type":"BreadcrumbList","@id":"https:\/\/somosuacmx.com.mx\/home\/modelo-educativo-uac-nem\/#breadcrumb","itemListElement":[{"@type":"ListItem","position":1,"name":"Portada","item":"https:\/\/somosuacmx.com.mx\/home\/"},{"@type":"ListItem","position":2,"name":"Conoce nuestro modelo educativo"}]},{"@type":"WebSite","@id":"https:\/\/somosuacmx.com.mx\/home\/#website","url":"https:\/\/somosuacmx.com.mx\/home\/","name":"Somos UAC","description":"Unidad Acad&eacute;mica de Occidente","publisher":{"@id":"https:\/\/somosuacmx.com.mx\/home\/#organization"},"potentialAction":[{"@type":"SearchAction","target":{"@type":"EntryPoint","urlTemplate":"https:\/\/somosuacmx.com.mx\/home\/?s={search_term_string}"},"query-input":{"@type":"PropertyValueSpecification","valueRequired":true,"valueName":"search_term_string"}}],"inLanguage":"es"},{"@type":"Organization","@id":"https:\/\/somosuacmx.com.mx\/home\/#organization","name":"Unidad Acad\u00e9mica de Occidente","url":"https:\/\/somosuacmx.com.mx\/home\/","logo":{"@type":"ImageObject","inLanguage":"es","@id":"https:\/\/somosuacmx.com.mx\/home\/#\/schema\/logo\/image\/","url":"https:\/\/somosuacmx.com.mx\/home\/wp-content\/uploads\/2024\/11\/logo_blanco.jpg","contentUrl":"https:\/\/somosuacmx.com.mx\/home\/wp-content\/uploads\/2024\/11\/logo_blanco.jpg","width":1080,"height":1080,"caption":"Unidad Acad\u00e9mica de Occidente"},"image":{"@id":"https:\/\/somosuacmx.com.mx\/home\/#\/schema\/logo\/image\/"}}]}},"uagb_featured_image_src":{"full":false,"thumbnail":false,"medium":false,"medium_large":false,"large":false,"1536x1536":false,"2048x2048":false,"post-thumbnail":false},"uagb_author_info":{"display_name":"admin","author_link":"https:\/\/somosuacmx.com.mx\/home\/author\/admin\/"},"uagb_comment_info":0,"uagb_excerpt":"La Nueva Escuela Mexicana (NEM) es el nombre del Modelo Educativo que la Secretar\u00eda de Educaci\u00f3n P\u00fablica (SEP) propuso en 2019 y, el cual, sustenta nuestro plan de estudios que ofrecemos en este Bachillerato Virtual. Los pilares fundamentales a lograr en este proyecto educativo son: brindar una educaci\u00f3n de excelencia y con sentido humano, bajo&hellip;","_links":{"self":[{"href":"https:\/\/somosuacmx.com.mx\/home\/wp-json\/wp\/v2\/pages\/563","targetHints":{"allow":["GET"]}}],"collection":[{"href":"https:\/\/somosuacmx.com.mx\/home\/wp-json\/wp\/v2\/pages"}],"about":[{"href":"https:\/\/somosuacmx.com.mx\/home\/wp-json\/wp\/v2\/types\/page"}],"author":[{"embeddable":true,"href":"https:\/\/somosuacmx.com.mx\/home\/wp-json\/wp\/v2\/users\/1"}],"replies":[{"embeddable":true,"href":"https:\/\/somosuacmx.com.mx\/home\/wp-json\/wp\/v2\/comments?post=563"}],"version-history":[{"count":2,"href":"https:\/\/somosuacmx.com.mx\/home\/wp-json\/wp\/v2\/pages\/563\/revisions"}],"predecessor-version":[{"id":581,"href":"https:\/\/somosuacmx.com.mx\/home\/wp-json\/wp\/v2\/pages\/563\/revisions\/581"}],"wp:attachment":[{"href":"https:\/\/somosuacmx.com.mx\/home\/wp-json\/wp\/v2\/media?parent=563"}],"curies":[{"name":"wp","href":"https:\/\/api.w.org\/{rel}","templated":true}]}}