{"id":490,"date":"2024-11-21T10:46:24","date_gmt":"2024-11-21T16:46:24","guid":{"rendered":"https:\/\/somosuacmx.com.mx\/home\/?page_id=490"},"modified":"2024-11-21T10:46:25","modified_gmt":"2024-11-21T16:46:25","slug":"mensaje-del-director","status":"publish","type":"page","link":"https:\/\/somosuacmx.com.mx\/home\/mensaje-del-director\/","title":{"rendered":"Mensaje del director"},"content":{"rendered":"\n<p>Apreciables estudiantes,<\/p>\n\n\n\n<p><br>Como es de su conocimiento, cada nuevo comienzo es emocionante y ustedes tienen enfrente una nueva aventura cargada de retos y m\u00faltiples aprendizajes. En esta plataforma virtual, encontrar\u00e1n<br>estrat\u00e9gicamente diversos recursos que les ayudar\u00e1n a aprender, tales como contenidos, actividades, videos, audios, juegos, libros electr\u00f3nicos, entre otros, pero principalmente encontrar\u00e1n a<br>personas dispuestas a apoyarles en su trayecto formativo: docentes-tutores, personal directivo y administrativo.<br><\/p>\n\n\n\n<p>Es momento de comenzar a disfrutar esta nueva experiencia de aprendizaje, en la que su autogesti\u00f3n personal, motivaci\u00f3n y compromiso es fundamental.<\/p>\n\n\n\n<p><br>\u00a1Enhorabuena!<\/p>\n\n\n\n<figure class=\"wp-block-image size-full\"><img loading=\"lazy\" decoding=\"async\" width=\"368\" height=\"231\" src=\"https:\/\/somosuacmx.com.mx\/home\/wp-content\/uploads\/2024\/11\/image-1.png\" alt=\"\" class=\"wp-image-491\" srcset=\"https:\/\/somosuacmx.com.mx\/home\/wp-content\/uploads\/2024\/11\/image-1.png 368w, https:\/\/somosuacmx.com.mx\/home\/wp-content\/uploads\/2024\/11\/image-1-300x188.png 300w\" sizes=\"auto, (max-width: 368px) 100vw, 368px\" \/><\/figure>\n","protected":false},"excerpt":{"rendered":"<p>Apreciables estudiantes, Como es de su conocimiento, cada nuevo comienzo es emocionante y ustedes tienen enfrente una nueva aventura cargada de retos y m\u00faltiples aprendizajes. En esta plataforma virtual, encontrar\u00e1nestrat\u00e9gicamente diversos recursos que les ayudar\u00e1n a aprender, tales como contenidos, actividades, videos, audios, juegos, libros electr\u00f3nicos, entre otros, pero principalmente encontrar\u00e1n apersonas dispuestas a apoyarles&hellip;<\/p>\n","protected":false},"author":1,"featured_media":0,"parent":0,"menu_order":0,"comment_status":"closed","ping_status":"closed","template":"","meta":{"_uag_custom_page_level_css":"","footnotes":""},"class_list":["post-490","page","type-page","status-publish","hentry"],"yoast_head":"<!-- This site is optimized with the Yoast SEO plugin v27.3 - https:\/\/yoast.com\/product\/yoast-seo-wordpress\/ -->\n<title>Mensaje del director - UAO<\/title>\n<meta name=\"robots\" content=\"index, follow, max-snippet:-1, max-image-preview:large, max-video-preview:-1\" \/>\n<link rel=\"canonical\" href=\"https:\/\/somosuacmx.com.mx\/home\/mensaje-del-director\/\" \/>\n<meta property=\"og:locale\" content=\"es_ES\" \/>\n<meta property=\"og:type\" content=\"article\" \/>\n<meta property=\"og:title\" content=\"Mensaje del director - UAO\" \/>\n<meta property=\"og:description\" content=\"Apreciables estudiantes, Como es de su conocimiento, cada nuevo comienzo es emocionante y ustedes tienen enfrente una nueva aventura cargada de retos y m\u00faltiples aprendizajes. En esta plataforma virtual, encontrar\u00e1nestrat\u00e9gicamente diversos recursos que les ayudar\u00e1n a aprender, tales como contenidos, actividades, videos, audios, juegos, libros electr\u00f3nicos, entre otros, pero principalmente encontrar\u00e1n apersonas dispuestas a apoyarles&hellip;\" \/>\n<meta property=\"og:url\" content=\"https:\/\/somosuacmx.com.mx\/home\/mensaje-del-director\/\" \/>\n<meta property=\"og:site_name\" content=\"UAO\" \/>\n<meta property=\"article:modified_time\" content=\"2024-11-21T16:46:25+00:00\" \/>\n<meta property=\"og:image\" content=\"https:\/\/somosuacmx.com.mx\/home\/wp-content\/uploads\/2024\/11\/image-1.png\" \/>\n<meta name=\"twitter:card\" content=\"summary_large_image\" \/>\n<script type=\"application\/ld+json\" class=\"yoast-schema-graph\">{\"@context\":\"https:\\\/\\\/schema.org\",\"@graph\":[{\"@type\":\"WebPage\",\"@id\":\"https:\\\/\\\/somosuacmx.com.mx\\\/home\\\/mensaje-del-director\\\/\",\"url\":\"https:\\\/\\\/somosuacmx.com.mx\\\/home\\\/mensaje-del-director\\\/\",\"name\":\"Mensaje del director - UAO\",\"isPartOf\":{\"@id\":\"https:\\\/\\\/somosuacmx.com.mx\\\/home\\\/#website\"},\"primaryImageOfPage\":{\"@id\":\"https:\\\/\\\/somosuacmx.com.mx\\\/home\\\/mensaje-del-director\\\/#primaryimage\"},\"image\":{\"@id\":\"https:\\\/\\\/somosuacmx.com.mx\\\/home\\\/mensaje-del-director\\\/#primaryimage\"},\"thumbnailUrl\":\"https:\\\/\\\/somosuacmx.com.mx\\\/home\\\/wp-content\\\/uploads\\\/2024\\\/11\\\/image-1.png\",\"datePublished\":\"2024-11-21T16:46:24+00:00\",\"dateModified\":\"2024-11-21T16:46:25+00:00\",\"breadcrumb\":{\"@id\":\"https:\\\/\\\/somosuacmx.com.mx\\\/home\\\/mensaje-del-director\\\/#breadcrumb\"},\"inLanguage\":\"es\",\"potentialAction\":[{\"@type\":\"ReadAction\",\"target\":[\"https:\\\/\\\/somosuacmx.com.mx\\\/home\\\/mensaje-del-director\\\/\"]}]},{\"@type\":\"ImageObject\",\"inLanguage\":\"es\",\"@id\":\"https:\\\/\\\/somosuacmx.com.mx\\\/home\\\/mensaje-del-director\\\/#primaryimage\",\"url\":\"https:\\\/\\\/somosuacmx.com.mx\\\/home\\\/wp-content\\\/uploads\\\/2024\\\/11\\\/image-1.png\",\"contentUrl\":\"https:\\\/\\\/somosuacmx.com.mx\\\/home\\\/wp-content\\\/uploads\\\/2024\\\/11\\\/image-1.png\",\"width\":368,\"height\":231},{\"@type\":\"BreadcrumbList\",\"@id\":\"https:\\\/\\\/somosuacmx.com.mx\\\/home\\\/mensaje-del-director\\\/#breadcrumb\",\"itemListElement\":[{\"@type\":\"ListItem\",\"position\":1,\"name\":\"Portada\",\"item\":\"https:\\\/\\\/somosuacmx.com.mx\\\/home\\\/\"},{\"@type\":\"ListItem\",\"position\":2,\"name\":\"Mensaje del director\"}]},{\"@type\":\"WebSite\",\"@id\":\"https:\\\/\\\/somosuacmx.com.mx\\\/home\\\/#website\",\"url\":\"https:\\\/\\\/somosuacmx.com.mx\\\/home\\\/\",\"name\":\"Somos UAC\",\"description\":\"Unidad Acad&eacute;mica de Occidente\",\"publisher\":{\"@id\":\"https:\\\/\\\/somosuacmx.com.mx\\\/home\\\/#organization\"},\"potentialAction\":[{\"@type\":\"SearchAction\",\"target\":{\"@type\":\"EntryPoint\",\"urlTemplate\":\"https:\\\/\\\/somosuacmx.com.mx\\\/home\\\/?s={search_term_string}\"},\"query-input\":{\"@type\":\"PropertyValueSpecification\",\"valueRequired\":true,\"valueName\":\"search_term_string\"}}],\"inLanguage\":\"es\"},{\"@type\":\"Organization\",\"@id\":\"https:\\\/\\\/somosuacmx.com.mx\\\/home\\\/#organization\",\"name\":\"Unidad Acad\u00e9mica de Occidente\",\"url\":\"https:\\\/\\\/somosuacmx.com.mx\\\/home\\\/\",\"logo\":{\"@type\":\"ImageObject\",\"inLanguage\":\"es\",\"@id\":\"https:\\\/\\\/somosuacmx.com.mx\\\/home\\\/#\\\/schema\\\/logo\\\/image\\\/\",\"url\":\"https:\\\/\\\/somosuacmx.com.mx\\\/home\\\/wp-content\\\/uploads\\\/2024\\\/11\\\/logo_blanco.jpg\",\"contentUrl\":\"https:\\\/\\\/somosuacmx.com.mx\\\/home\\\/wp-content\\\/uploads\\\/2024\\\/11\\\/logo_blanco.jpg\",\"width\":1080,\"height\":1080,\"caption\":\"Unidad Acad\u00e9mica de Occidente\"},\"image\":{\"@id\":\"https:\\\/\\\/somosuacmx.com.mx\\\/home\\\/#\\\/schema\\\/logo\\\/image\\\/\"}}]}<\/script>\n<!-- \/ Yoast SEO plugin. -->","yoast_head_json":{"title":"Mensaje del director - UAO","robots":{"index":"index","follow":"follow","max-snippet":"max-snippet:-1","max-image-preview":"max-image-preview:large","max-video-preview":"max-video-preview:-1"},"canonical":"https:\/\/somosuacmx.com.mx\/home\/mensaje-del-director\/","og_locale":"es_ES","og_type":"article","og_title":"Mensaje del director - UAO","og_description":"Apreciables estudiantes, Como es de su conocimiento, cada nuevo comienzo es emocionante y ustedes tienen enfrente una nueva aventura cargada de retos y m\u00faltiples aprendizajes. En esta plataforma virtual, encontrar\u00e1nestrat\u00e9gicamente diversos recursos que les ayudar\u00e1n a aprender, tales como contenidos, actividades, videos, audios, juegos, libros electr\u00f3nicos, entre otros, pero principalmente encontrar\u00e1n apersonas dispuestas a apoyarles&hellip;","og_url":"https:\/\/somosuacmx.com.mx\/home\/mensaje-del-director\/","og_site_name":"UAO","article_modified_time":"2024-11-21T16:46:25+00:00","og_image":[{"url":"https:\/\/somosuacmx.com.mx\/home\/wp-content\/uploads\/2024\/11\/image-1.png","type":"","width":"","height":""}],"twitter_card":"summary_large_image","schema":{"@context":"https:\/\/schema.org","@graph":[{"@type":"WebPage","@id":"https:\/\/somosuacmx.com.mx\/home\/mensaje-del-director\/","url":"https:\/\/somosuacmx.com.mx\/home\/mensaje-del-director\/","name":"Mensaje del director - UAO","isPartOf":{"@id":"https:\/\/somosuacmx.com.mx\/home\/#website"},"primaryImageOfPage":{"@id":"https:\/\/somosuacmx.com.mx\/home\/mensaje-del-director\/#primaryimage"},"image":{"@id":"https:\/\/somosuacmx.com.mx\/home\/mensaje-del-director\/#primaryimage"},"thumbnailUrl":"https:\/\/somosuacmx.com.mx\/home\/wp-content\/uploads\/2024\/11\/image-1.png","datePublished":"2024-11-21T16:46:24+00:00","dateModified":"2024-11-21T16:46:25+00:00","breadcrumb":{"@id":"https:\/\/somosuacmx.com.mx\/home\/mensaje-del-director\/#breadcrumb"},"inLanguage":"es","potentialAction":[{"@type":"ReadAction","target":["https:\/\/somosuacmx.com.mx\/home\/mensaje-del-director\/"]}]},{"@type":"ImageObject","inLanguage":"es","@id":"https:\/\/somosuacmx.com.mx\/home\/mensaje-del-director\/#primaryimage","url":"https:\/\/somosuacmx.com.mx\/home\/wp-content\/uploads\/2024\/11\/image-1.png","contentUrl":"https:\/\/somosuacmx.com.mx\/home\/wp-content\/uploads\/2024\/11\/image-1.png","width":368,"height":231},{"@type":"BreadcrumbList","@id":"https:\/\/somosuacmx.com.mx\/home\/mensaje-del-director\/#breadcrumb","itemListElement":[{"@type":"ListItem","position":1,"name":"Portada","item":"https:\/\/somosuacmx.com.mx\/home\/"},{"@type":"ListItem","position":2,"name":"Mensaje del director"}]},{"@type":"WebSite","@id":"https:\/\/somosuacmx.com.mx\/home\/#website","url":"https:\/\/somosuacmx.com.mx\/home\/","name":"Somos UAC","description":"Unidad Acad&eacute;mica de Occidente","publisher":{"@id":"https:\/\/somosuacmx.com.mx\/home\/#organization"},"potentialAction":[{"@type":"SearchAction","target":{"@type":"EntryPoint","urlTemplate":"https:\/\/somosuacmx.com.mx\/home\/?s={search_term_string}"},"query-input":{"@type":"PropertyValueSpecification","valueRequired":true,"valueName":"search_term_string"}}],"inLanguage":"es"},{"@type":"Organization","@id":"https:\/\/somosuacmx.com.mx\/home\/#organization","name":"Unidad Acad\u00e9mica de Occidente","url":"https:\/\/somosuacmx.com.mx\/home\/","logo":{"@type":"ImageObject","inLanguage":"es","@id":"https:\/\/somosuacmx.com.mx\/home\/#\/schema\/logo\/image\/","url":"https:\/\/somosuacmx.com.mx\/home\/wp-content\/uploads\/2024\/11\/logo_blanco.jpg","contentUrl":"https:\/\/somosuacmx.com.mx\/home\/wp-content\/uploads\/2024\/11\/logo_blanco.jpg","width":1080,"height":1080,"caption":"Unidad Acad\u00e9mica de Occidente"},"image":{"@id":"https:\/\/somosuacmx.com.mx\/home\/#\/schema\/logo\/image\/"}}]}},"uagb_featured_image_src":{"full":false,"thumbnail":false,"medium":false,"medium_large":false,"large":false,"1536x1536":false,"2048x2048":false,"post-thumbnail":false},"uagb_author_info":{"display_name":"admin","author_link":"https:\/\/somosuacmx.com.mx\/home\/author\/admin\/"},"uagb_comment_info":0,"uagb_excerpt":"Apreciables estudiantes, Como es de su conocimiento, cada nuevo comienzo es emocionante y ustedes tienen enfrente una nueva aventura cargada de retos y m\u00faltiples aprendizajes. En esta plataforma virtual, encontrar\u00e1nestrat\u00e9gicamente diversos recursos que les ayudar\u00e1n a aprender, tales como contenidos, actividades, videos, audios, juegos, libros electr\u00f3nicos, entre otros, pero principalmente encontrar\u00e1n apersonas dispuestas a apoyarles&hellip;","_links":{"self":[{"href":"https:\/\/somosuacmx.com.mx\/home\/wp-json\/wp\/v2\/pages\/490","targetHints":{"allow":["GET"]}}],"collection":[{"href":"https:\/\/somosuacmx.com.mx\/home\/wp-json\/wp\/v2\/pages"}],"about":[{"href":"https:\/\/somosuacmx.com.mx\/home\/wp-json\/wp\/v2\/types\/page"}],"author":[{"embeddable":true,"href":"https:\/\/somosuacmx.com.mx\/home\/wp-json\/wp\/v2\/users\/1"}],"replies":[{"embeddable":true,"href":"https:\/\/somosuacmx.com.mx\/home\/wp-json\/wp\/v2\/comments?post=490"}],"version-history":[{"count":0,"href":"https:\/\/somosuacmx.com.mx\/home\/wp-json\/wp\/v2\/pages\/490\/revisions"}],"wp:attachment":[{"href":"https:\/\/somosuacmx.com.mx\/home\/wp-json\/wp\/v2\/media?parent=490"}],"curies":[{"name":"wp","href":"https:\/\/api.w.org\/{rel}","templated":true}]}}