{"id":401,"date":"2024-11-11T00:06:03","date_gmt":"2024-11-11T06:06:03","guid":{"rendered":"https:\/\/somosuacmx.com.mx\/home\/?page_id=401"},"modified":"2024-11-11T20:56:45","modified_gmt":"2024-11-12T02:56:45","slug":"acceso-a-la-plataforma-de-gestion-del-aprendizaje","status":"publish","type":"page","link":"https:\/\/somosuacmx.com.mx\/home\/acceso-a-la-plataforma-de-gestion-del-aprendizaje\/","title":{"rendered":"Moodle"},"content":{"rendered":"\n<p>Nuestra plataforma ha sido dise\u00f1ada para garantizar tu avance acad\u00e9mico, promover tu estudio y aprendizaje aut\u00f3nomo y social ajust\u00e1ndonos a tus necesidades y horarios.<\/p>\n\n\n\n<p>Estudiar en l\u00ednea te brinda las siguientes ventajas:<\/p>\n\n\n\n<ul class=\"wp-block-list\">\n<li>Comodidad<\/li>\n\n\n\n<li>Flexibilidad horaria (acceso las 24 horas, todos los d\u00edas de la semana)<\/li>\n\n\n\n<li>Aprendizaje continuo y<\/li>\n\n\n\n<li>Mediaci\u00f3n docente en l\u00ednea<\/li>\n<\/ul>\n\n\n\n<p>Ingresa a la plataforma de aprendizaje en: <a href=\"https:\/\/bel.iemsur.com.mx\/\">https:\/\/bel.iemsur.com.mx\/<\/a> <strong>&nbsp;<\/strong><\/p>\n","protected":false},"excerpt":{"rendered":"<p>Nuestra plataforma ha sido dise\u00f1ada para garantizar tu avance acad\u00e9mico, promover tu estudio y aprendizaje aut\u00f3nomo y social ajust\u00e1ndonos a tus necesidades y horarios. Estudiar en l\u00ednea te brinda las siguientes ventajas: Ingresa a la plataforma de aprendizaje en: https:\/\/bel.iemsur.com.mx\/ &nbsp;<\/p>\n","protected":false},"author":1,"featured_media":417,"parent":0,"menu_order":0,"comment_status":"closed","ping_status":"closed","template":"","meta":{"_uag_custom_page_level_css":"","footnotes":""},"class_list":["post-401","page","type-page","status-publish","has-post-thumbnail","hentry"],"yoast_head":"<!-- This site is optimized with the Yoast SEO plugin v27.3 - https:\/\/yoast.com\/product\/yoast-seo-wordpress\/ -->\n<title>Moodle - UAO<\/title>\n<meta name=\"robots\" content=\"index, follow, max-snippet:-1, max-image-preview:large, max-video-preview:-1\" \/>\n<link rel=\"canonical\" href=\"https:\/\/somosuacmx.com.mx\/home\/acceso-a-la-plataforma-de-gestion-del-aprendizaje\/\" \/>\n<meta property=\"og:locale\" content=\"es_ES\" \/>\n<meta property=\"og:type\" content=\"article\" \/>\n<meta property=\"og:title\" content=\"Moodle - UAO\" \/>\n<meta property=\"og:description\" content=\"Nuestra plataforma ha sido dise\u00f1ada para garantizar tu avance acad\u00e9mico, promover tu estudio y aprendizaje aut\u00f3nomo y social ajust\u00e1ndonos a tus necesidades y horarios. Estudiar en l\u00ednea te brinda las siguientes ventajas: Ingresa a la plataforma de aprendizaje en: https:\/\/bel.iemsur.com.mx\/ &nbsp;\" \/>\n<meta property=\"og:url\" content=\"https:\/\/somosuacmx.com.mx\/home\/acceso-a-la-plataforma-de-gestion-del-aprendizaje\/\" \/>\n<meta property=\"og:site_name\" content=\"UAO\" \/>\n<meta property=\"article:modified_time\" content=\"2024-11-12T02:56:45+00:00\" \/>\n<meta property=\"og:image\" content=\"https:\/\/somosuacmx.com.mx\/home\/wp-content\/uploads\/2024\/11\/pexels-katerina-holmes-5905876-scaled.jpg\" \/>\n\t<meta property=\"og:image:width\" content=\"1707\" \/>\n\t<meta property=\"og:image:height\" content=\"2560\" \/>\n\t<meta property=\"og:image:type\" content=\"image\/jpeg\" \/>\n<meta name=\"twitter:card\" content=\"summary_large_image\" \/>\n<script type=\"application\/ld+json\" class=\"yoast-schema-graph\">{\"@context\":\"https:\\\/\\\/schema.org\",\"@graph\":[{\"@type\":\"WebPage\",\"@id\":\"https:\\\/\\\/somosuacmx.com.mx\\\/home\\\/acceso-a-la-plataforma-de-gestion-del-aprendizaje\\\/\",\"url\":\"https:\\\/\\\/somosuacmx.com.mx\\\/home\\\/acceso-a-la-plataforma-de-gestion-del-aprendizaje\\\/\",\"name\":\"Moodle - UAO\",\"isPartOf\":{\"@id\":\"https:\\\/\\\/somosuacmx.com.mx\\\/home\\\/#website\"},\"primaryImageOfPage\":{\"@id\":\"https:\\\/\\\/somosuacmx.com.mx\\\/home\\\/acceso-a-la-plataforma-de-gestion-del-aprendizaje\\\/#primaryimage\"},\"image\":{\"@id\":\"https:\\\/\\\/somosuacmx.com.mx\\\/home\\\/acceso-a-la-plataforma-de-gestion-del-aprendizaje\\\/#primaryimage\"},\"thumbnailUrl\":\"https:\\\/\\\/somosuacmx.com.mx\\\/home\\\/wp-content\\\/uploads\\\/2024\\\/11\\\/pexels-katerina-holmes-5905876-scaled.jpg\",\"datePublished\":\"2024-11-11T06:06:03+00:00\",\"dateModified\":\"2024-11-12T02:56:45+00:00\",\"breadcrumb\":{\"@id\":\"https:\\\/\\\/somosuacmx.com.mx\\\/home\\\/acceso-a-la-plataforma-de-gestion-del-aprendizaje\\\/#breadcrumb\"},\"inLanguage\":\"es\",\"potentialAction\":[{\"@type\":\"ReadAction\",\"target\":[\"https:\\\/\\\/somosuacmx.com.mx\\\/home\\\/acceso-a-la-plataforma-de-gestion-del-aprendizaje\\\/\"]}]},{\"@type\":\"ImageObject\",\"inLanguage\":\"es\",\"@id\":\"https:\\\/\\\/somosuacmx.com.mx\\\/home\\\/acceso-a-la-plataforma-de-gestion-del-aprendizaje\\\/#primaryimage\",\"url\":\"https:\\\/\\\/somosuacmx.com.mx\\\/home\\\/wp-content\\\/uploads\\\/2024\\\/11\\\/pexels-katerina-holmes-5905876-scaled.jpg\",\"contentUrl\":\"https:\\\/\\\/somosuacmx.com.mx\\\/home\\\/wp-content\\\/uploads\\\/2024\\\/11\\\/pexels-katerina-holmes-5905876-scaled.jpg\",\"width\":1707,\"height\":2560},{\"@type\":\"BreadcrumbList\",\"@id\":\"https:\\\/\\\/somosuacmx.com.mx\\\/home\\\/acceso-a-la-plataforma-de-gestion-del-aprendizaje\\\/#breadcrumb\",\"itemListElement\":[{\"@type\":\"ListItem\",\"position\":1,\"name\":\"Portada\",\"item\":\"https:\\\/\\\/somosuacmx.com.mx\\\/home\\\/\"},{\"@type\":\"ListItem\",\"position\":2,\"name\":\"Moodle\"}]},{\"@type\":\"WebSite\",\"@id\":\"https:\\\/\\\/somosuacmx.com.mx\\\/home\\\/#website\",\"url\":\"https:\\\/\\\/somosuacmx.com.mx\\\/home\\\/\",\"name\":\"Somos UAC\",\"description\":\"Unidad Acad&eacute;mica de Occidente\",\"publisher\":{\"@id\":\"https:\\\/\\\/somosuacmx.com.mx\\\/home\\\/#organization\"},\"potentialAction\":[{\"@type\":\"SearchAction\",\"target\":{\"@type\":\"EntryPoint\",\"urlTemplate\":\"https:\\\/\\\/somosuacmx.com.mx\\\/home\\\/?s={search_term_string}\"},\"query-input\":{\"@type\":\"PropertyValueSpecification\",\"valueRequired\":true,\"valueName\":\"search_term_string\"}}],\"inLanguage\":\"es\"},{\"@type\":\"Organization\",\"@id\":\"https:\\\/\\\/somosuacmx.com.mx\\\/home\\\/#organization\",\"name\":\"Unidad Acad\u00e9mica de Occidente\",\"url\":\"https:\\\/\\\/somosuacmx.com.mx\\\/home\\\/\",\"logo\":{\"@type\":\"ImageObject\",\"inLanguage\":\"es\",\"@id\":\"https:\\\/\\\/somosuacmx.com.mx\\\/home\\\/#\\\/schema\\\/logo\\\/image\\\/\",\"url\":\"https:\\\/\\\/somosuacmx.com.mx\\\/home\\\/wp-content\\\/uploads\\\/2024\\\/11\\\/logo_blanco.jpg\",\"contentUrl\":\"https:\\\/\\\/somosuacmx.com.mx\\\/home\\\/wp-content\\\/uploads\\\/2024\\\/11\\\/logo_blanco.jpg\",\"width\":1080,\"height\":1080,\"caption\":\"Unidad Acad\u00e9mica de Occidente\"},\"image\":{\"@id\":\"https:\\\/\\\/somosuacmx.com.mx\\\/home\\\/#\\\/schema\\\/logo\\\/image\\\/\"}}]}<\/script>\n<!-- \/ Yoast SEO plugin. -->","yoast_head_json":{"title":"Moodle - UAO","robots":{"index":"index","follow":"follow","max-snippet":"max-snippet:-1","max-image-preview":"max-image-preview:large","max-video-preview":"max-video-preview:-1"},"canonical":"https:\/\/somosuacmx.com.mx\/home\/acceso-a-la-plataforma-de-gestion-del-aprendizaje\/","og_locale":"es_ES","og_type":"article","og_title":"Moodle - UAO","og_description":"Nuestra plataforma ha sido dise\u00f1ada para garantizar tu avance acad\u00e9mico, promover tu estudio y aprendizaje aut\u00f3nomo y social ajust\u00e1ndonos a tus necesidades y horarios. Estudiar en l\u00ednea te brinda las siguientes ventajas: Ingresa a la plataforma de aprendizaje en: https:\/\/bel.iemsur.com.mx\/ &nbsp;","og_url":"https:\/\/somosuacmx.com.mx\/home\/acceso-a-la-plataforma-de-gestion-del-aprendizaje\/","og_site_name":"UAO","article_modified_time":"2024-11-12T02:56:45+00:00","og_image":[{"width":1707,"height":2560,"url":"https:\/\/somosuacmx.com.mx\/home\/wp-content\/uploads\/2024\/11\/pexels-katerina-holmes-5905876-scaled.jpg","type":"image\/jpeg"}],"twitter_card":"summary_large_image","schema":{"@context":"https:\/\/schema.org","@graph":[{"@type":"WebPage","@id":"https:\/\/somosuacmx.com.mx\/home\/acceso-a-la-plataforma-de-gestion-del-aprendizaje\/","url":"https:\/\/somosuacmx.com.mx\/home\/acceso-a-la-plataforma-de-gestion-del-aprendizaje\/","name":"Moodle - UAO","isPartOf":{"@id":"https:\/\/somosuacmx.com.mx\/home\/#website"},"primaryImageOfPage":{"@id":"https:\/\/somosuacmx.com.mx\/home\/acceso-a-la-plataforma-de-gestion-del-aprendizaje\/#primaryimage"},"image":{"@id":"https:\/\/somosuacmx.com.mx\/home\/acceso-a-la-plataforma-de-gestion-del-aprendizaje\/#primaryimage"},"thumbnailUrl":"https:\/\/somosuacmx.com.mx\/home\/wp-content\/uploads\/2024\/11\/pexels-katerina-holmes-5905876-scaled.jpg","datePublished":"2024-11-11T06:06:03+00:00","dateModified":"2024-11-12T02:56:45+00:00","breadcrumb":{"@id":"https:\/\/somosuacmx.com.mx\/home\/acceso-a-la-plataforma-de-gestion-del-aprendizaje\/#breadcrumb"},"inLanguage":"es","potentialAction":[{"@type":"ReadAction","target":["https:\/\/somosuacmx.com.mx\/home\/acceso-a-la-plataforma-de-gestion-del-aprendizaje\/"]}]},{"@type":"ImageObject","inLanguage":"es","@id":"https:\/\/somosuacmx.com.mx\/home\/acceso-a-la-plataforma-de-gestion-del-aprendizaje\/#primaryimage","url":"https:\/\/somosuacmx.com.mx\/home\/wp-content\/uploads\/2024\/11\/pexels-katerina-holmes-5905876-scaled.jpg","contentUrl":"https:\/\/somosuacmx.com.mx\/home\/wp-content\/uploads\/2024\/11\/pexels-katerina-holmes-5905876-scaled.jpg","width":1707,"height":2560},{"@type":"BreadcrumbList","@id":"https:\/\/somosuacmx.com.mx\/home\/acceso-a-la-plataforma-de-gestion-del-aprendizaje\/#breadcrumb","itemListElement":[{"@type":"ListItem","position":1,"name":"Portada","item":"https:\/\/somosuacmx.com.mx\/home\/"},{"@type":"ListItem","position":2,"name":"Moodle"}]},{"@type":"WebSite","@id":"https:\/\/somosuacmx.com.mx\/home\/#website","url":"https:\/\/somosuacmx.com.mx\/home\/","name":"Somos UAC","description":"Unidad Acad&eacute;mica de Occidente","publisher":{"@id":"https:\/\/somosuacmx.com.mx\/home\/#organization"},"potentialAction":[{"@type":"SearchAction","target":{"@type":"EntryPoint","urlTemplate":"https:\/\/somosuacmx.com.mx\/home\/?s={search_term_string}"},"query-input":{"@type":"PropertyValueSpecification","valueRequired":true,"valueName":"search_term_string"}}],"inLanguage":"es"},{"@type":"Organization","@id":"https:\/\/somosuacmx.com.mx\/home\/#organization","name":"Unidad Acad\u00e9mica de Occidente","url":"https:\/\/somosuacmx.com.mx\/home\/","logo":{"@type":"ImageObject","inLanguage":"es","@id":"https:\/\/somosuacmx.com.mx\/home\/#\/schema\/logo\/image\/","url":"https:\/\/somosuacmx.com.mx\/home\/wp-content\/uploads\/2024\/11\/logo_blanco.jpg","contentUrl":"https:\/\/somosuacmx.com.mx\/home\/wp-content\/uploads\/2024\/11\/logo_blanco.jpg","width":1080,"height":1080,"caption":"Unidad Acad\u00e9mica de Occidente"},"image":{"@id":"https:\/\/somosuacmx.com.mx\/home\/#\/schema\/logo\/image\/"}}]}},"uagb_featured_image_src":{"full":["https:\/\/somosuacmx.com.mx\/home\/wp-content\/uploads\/2024\/11\/pexels-katerina-holmes-5905876-scaled.jpg",1707,2560,false],"thumbnail":["https:\/\/somosuacmx.com.mx\/home\/wp-content\/uploads\/2024\/11\/pexels-katerina-holmes-5905876-150x150.jpg",150,150,true],"medium":["https:\/\/somosuacmx.com.mx\/home\/wp-content\/uploads\/2024\/11\/pexels-katerina-holmes-5905876-200x300.jpg",200,300,true],"medium_large":["https:\/\/somosuacmx.com.mx\/home\/wp-content\/uploads\/2024\/11\/pexels-katerina-holmes-5905876-768x1152.jpg",640,960,true],"large":["https:\/\/somosuacmx.com.mx\/home\/wp-content\/uploads\/2024\/11\/pexels-katerina-holmes-5905876-683x1024.jpg",640,960,true],"1536x1536":["https:\/\/somosuacmx.com.mx\/home\/wp-content\/uploads\/2024\/11\/pexels-katerina-holmes-5905876-1024x1536.jpg",1024,1536,true],"2048x2048":["https:\/\/somosuacmx.com.mx\/home\/wp-content\/uploads\/2024\/11\/pexels-katerina-holmes-5905876-1365x2048.jpg",1365,2048,true],"post-thumbnail":["https:\/\/somosuacmx.com.mx\/home\/wp-content\/uploads\/2024\/11\/pexels-katerina-holmes-5905876-340x240.jpg",340,240,true]},"uagb_author_info":{"display_name":"admin","author_link":"https:\/\/somosuacmx.com.mx\/home\/author\/admin\/"},"uagb_comment_info":0,"uagb_excerpt":"Nuestra plataforma ha sido dise\u00f1ada para garantizar tu avance acad\u00e9mico, promover tu estudio y aprendizaje aut\u00f3nomo y social ajust\u00e1ndonos a tus necesidades y horarios. Estudiar en l\u00ednea te brinda las siguientes ventajas: Ingresa a la plataforma de aprendizaje en: https:\/\/bel.iemsur.com.mx\/ &nbsp;","_links":{"self":[{"href":"https:\/\/somosuacmx.com.mx\/home\/wp-json\/wp\/v2\/pages\/401","targetHints":{"allow":["GET"]}}],"collection":[{"href":"https:\/\/somosuacmx.com.mx\/home\/wp-json\/wp\/v2\/pages"}],"about":[{"href":"https:\/\/somosuacmx.com.mx\/home\/wp-json\/wp\/v2\/types\/page"}],"author":[{"embeddable":true,"href":"https:\/\/somosuacmx.com.mx\/home\/wp-json\/wp\/v2\/users\/1"}],"replies":[{"embeddable":true,"href":"https:\/\/somosuacmx.com.mx\/home\/wp-json\/wp\/v2\/comments?post=401"}],"version-history":[{"count":0,"href":"https:\/\/somosuacmx.com.mx\/home\/wp-json\/wp\/v2\/pages\/401\/revisions"}],"wp:featuredmedia":[{"embeddable":true,"href":"https:\/\/somosuacmx.com.mx\/home\/wp-json\/wp\/v2\/media\/417"}],"wp:attachment":[{"href":"https:\/\/somosuacmx.com.mx\/home\/wp-json\/wp\/v2\/media?parent=401"}],"curies":[{"name":"wp","href":"https:\/\/api.w.org\/{rel}","templated":true}]}}