{"id":399,"date":"2024-11-10T23:54:09","date_gmt":"2024-11-11T05:54:09","guid":{"rendered":"https:\/\/somosuacmx.com.mx\/home\/?page_id=399"},"modified":"2024-11-11T22:36:00","modified_gmt":"2024-11-12T04:36:00","slug":"duracion","status":"publish","type":"page","link":"https:\/\/somosuacmx.com.mx\/home\/duracion\/","title":{"rendered":"Duraci\u00f3n"},"content":{"rendered":"\n<p>La duraci\u00f3n de este Bachillerato Virtual es de 2 a\u00f1os, 6 meses (modalidad intensiva) dependiendo del avance en la acreditaci\u00f3n de las Unidades de Aprendizaje Curriculares (UAC) que conforman el correspondiente plan de estudios.<\/p>\n\n\n\n<p><\/p>\n","protected":false},"excerpt":{"rendered":"<p>La duraci\u00f3n de este Bachillerato Virtual es de 2 a\u00f1os, 6 meses (modalidad intensiva) dependiendo del avance en la acreditaci\u00f3n de las Unidades de Aprendizaje Curriculares (UAC) que conforman el correspondiente plan de estudios.<\/p>\n","protected":false},"author":1,"featured_media":465,"parent":0,"menu_order":0,"comment_status":"closed","ping_status":"closed","template":"","meta":{"_uag_custom_page_level_css":"","footnotes":""},"class_list":["post-399","page","type-page","status-publish","has-post-thumbnail","hentry"],"yoast_head":"<!-- This site is optimized with the Yoast SEO plugin v27.3 - https:\/\/yoast.com\/product\/yoast-seo-wordpress\/ -->\n<title>Duraci\u00f3n - UAO<\/title>\n<meta name=\"robots\" content=\"index, follow, max-snippet:-1, max-image-preview:large, max-video-preview:-1\" \/>\n<link rel=\"canonical\" href=\"https:\/\/somosuacmx.com.mx\/home\/duracion\/\" \/>\n<meta property=\"og:locale\" content=\"es_ES\" \/>\n<meta property=\"og:type\" content=\"article\" \/>\n<meta property=\"og:title\" content=\"Duraci\u00f3n - UAO\" \/>\n<meta property=\"og:description\" content=\"La duraci\u00f3n de este Bachillerato Virtual es de 2 a\u00f1os, 6 meses (modalidad intensiva) dependiendo del avance en la acreditaci\u00f3n de las Unidades de Aprendizaje Curriculares (UAC) que conforman el correspondiente plan de estudios.\" \/>\n<meta property=\"og:url\" content=\"https:\/\/somosuacmx.com.mx\/home\/duracion\/\" \/>\n<meta property=\"og:site_name\" content=\"UAO\" \/>\n<meta property=\"article:modified_time\" content=\"2024-11-12T04:36:00+00:00\" \/>\n<meta property=\"og:image\" content=\"https:\/\/somosuacmx.com.mx\/home\/wp-content\/uploads\/2024\/11\/pexels-towfiqu-barbhuiya-3440682-9810172-scaled.jpg\" \/>\n\t<meta property=\"og:image:width\" content=\"2560\" \/>\n\t<meta property=\"og:image:height\" content=\"1708\" \/>\n\t<meta property=\"og:image:type\" content=\"image\/jpeg\" \/>\n<meta name=\"twitter:card\" content=\"summary_large_image\" \/>\n<script type=\"application\/ld+json\" class=\"yoast-schema-graph\">{\"@context\":\"https:\\\/\\\/schema.org\",\"@graph\":[{\"@type\":\"WebPage\",\"@id\":\"https:\\\/\\\/somosuacmx.com.mx\\\/home\\\/duracion\\\/\",\"url\":\"https:\\\/\\\/somosuacmx.com.mx\\\/home\\\/duracion\\\/\",\"name\":\"Duraci\u00f3n - UAO\",\"isPartOf\":{\"@id\":\"https:\\\/\\\/somosuacmx.com.mx\\\/home\\\/#website\"},\"primaryImageOfPage\":{\"@id\":\"https:\\\/\\\/somosuacmx.com.mx\\\/home\\\/duracion\\\/#primaryimage\"},\"image\":{\"@id\":\"https:\\\/\\\/somosuacmx.com.mx\\\/home\\\/duracion\\\/#primaryimage\"},\"thumbnailUrl\":\"https:\\\/\\\/somosuacmx.com.mx\\\/home\\\/wp-content\\\/uploads\\\/2024\\\/11\\\/pexels-towfiqu-barbhuiya-3440682-9810172-scaled.jpg\",\"datePublished\":\"2024-11-11T05:54:09+00:00\",\"dateModified\":\"2024-11-12T04:36:00+00:00\",\"breadcrumb\":{\"@id\":\"https:\\\/\\\/somosuacmx.com.mx\\\/home\\\/duracion\\\/#breadcrumb\"},\"inLanguage\":\"es\",\"potentialAction\":[{\"@type\":\"ReadAction\",\"target\":[\"https:\\\/\\\/somosuacmx.com.mx\\\/home\\\/duracion\\\/\"]}]},{\"@type\":\"ImageObject\",\"inLanguage\":\"es\",\"@id\":\"https:\\\/\\\/somosuacmx.com.mx\\\/home\\\/duracion\\\/#primaryimage\",\"url\":\"https:\\\/\\\/somosuacmx.com.mx\\\/home\\\/wp-content\\\/uploads\\\/2024\\\/11\\\/pexels-towfiqu-barbhuiya-3440682-9810172-scaled.jpg\",\"contentUrl\":\"https:\\\/\\\/somosuacmx.com.mx\\\/home\\\/wp-content\\\/uploads\\\/2024\\\/11\\\/pexels-towfiqu-barbhuiya-3440682-9810172-scaled.jpg\",\"width\":2560,\"height\":1708},{\"@type\":\"BreadcrumbList\",\"@id\":\"https:\\\/\\\/somosuacmx.com.mx\\\/home\\\/duracion\\\/#breadcrumb\",\"itemListElement\":[{\"@type\":\"ListItem\",\"position\":1,\"name\":\"Portada\",\"item\":\"https:\\\/\\\/somosuacmx.com.mx\\\/home\\\/\"},{\"@type\":\"ListItem\",\"position\":2,\"name\":\"Duraci\u00f3n\"}]},{\"@type\":\"WebSite\",\"@id\":\"https:\\\/\\\/somosuacmx.com.mx\\\/home\\\/#website\",\"url\":\"https:\\\/\\\/somosuacmx.com.mx\\\/home\\\/\",\"name\":\"Somos UAC\",\"description\":\"Unidad Acad&eacute;mica de Occidente\",\"publisher\":{\"@id\":\"https:\\\/\\\/somosuacmx.com.mx\\\/home\\\/#organization\"},\"potentialAction\":[{\"@type\":\"SearchAction\",\"target\":{\"@type\":\"EntryPoint\",\"urlTemplate\":\"https:\\\/\\\/somosuacmx.com.mx\\\/home\\\/?s={search_term_string}\"},\"query-input\":{\"@type\":\"PropertyValueSpecification\",\"valueRequired\":true,\"valueName\":\"search_term_string\"}}],\"inLanguage\":\"es\"},{\"@type\":\"Organization\",\"@id\":\"https:\\\/\\\/somosuacmx.com.mx\\\/home\\\/#organization\",\"name\":\"Unidad Acad\u00e9mica de Occidente\",\"url\":\"https:\\\/\\\/somosuacmx.com.mx\\\/home\\\/\",\"logo\":{\"@type\":\"ImageObject\",\"inLanguage\":\"es\",\"@id\":\"https:\\\/\\\/somosuacmx.com.mx\\\/home\\\/#\\\/schema\\\/logo\\\/image\\\/\",\"url\":\"https:\\\/\\\/somosuacmx.com.mx\\\/home\\\/wp-content\\\/uploads\\\/2024\\\/11\\\/logo_blanco.jpg\",\"contentUrl\":\"https:\\\/\\\/somosuacmx.com.mx\\\/home\\\/wp-content\\\/uploads\\\/2024\\\/11\\\/logo_blanco.jpg\",\"width\":1080,\"height\":1080,\"caption\":\"Unidad Acad\u00e9mica de Occidente\"},\"image\":{\"@id\":\"https:\\\/\\\/somosuacmx.com.mx\\\/home\\\/#\\\/schema\\\/logo\\\/image\\\/\"}}]}<\/script>\n<!-- \/ Yoast SEO plugin. -->","yoast_head_json":{"title":"Duraci\u00f3n - UAO","robots":{"index":"index","follow":"follow","max-snippet":"max-snippet:-1","max-image-preview":"max-image-preview:large","max-video-preview":"max-video-preview:-1"},"canonical":"https:\/\/somosuacmx.com.mx\/home\/duracion\/","og_locale":"es_ES","og_type":"article","og_title":"Duraci\u00f3n - UAO","og_description":"La duraci\u00f3n de este Bachillerato Virtual es de 2 a\u00f1os, 6 meses (modalidad intensiva) dependiendo del avance en la acreditaci\u00f3n de las Unidades de Aprendizaje Curriculares (UAC) que conforman el correspondiente plan de estudios.","og_url":"https:\/\/somosuacmx.com.mx\/home\/duracion\/","og_site_name":"UAO","article_modified_time":"2024-11-12T04:36:00+00:00","og_image":[{"width":2560,"height":1708,"url":"https:\/\/somosuacmx.com.mx\/home\/wp-content\/uploads\/2024\/11\/pexels-towfiqu-barbhuiya-3440682-9810172-scaled.jpg","type":"image\/jpeg"}],"twitter_card":"summary_large_image","schema":{"@context":"https:\/\/schema.org","@graph":[{"@type":"WebPage","@id":"https:\/\/somosuacmx.com.mx\/home\/duracion\/","url":"https:\/\/somosuacmx.com.mx\/home\/duracion\/","name":"Duraci\u00f3n - UAO","isPartOf":{"@id":"https:\/\/somosuacmx.com.mx\/home\/#website"},"primaryImageOfPage":{"@id":"https:\/\/somosuacmx.com.mx\/home\/duracion\/#primaryimage"},"image":{"@id":"https:\/\/somosuacmx.com.mx\/home\/duracion\/#primaryimage"},"thumbnailUrl":"https:\/\/somosuacmx.com.mx\/home\/wp-content\/uploads\/2024\/11\/pexels-towfiqu-barbhuiya-3440682-9810172-scaled.jpg","datePublished":"2024-11-11T05:54:09+00:00","dateModified":"2024-11-12T04:36:00+00:00","breadcrumb":{"@id":"https:\/\/somosuacmx.com.mx\/home\/duracion\/#breadcrumb"},"inLanguage":"es","potentialAction":[{"@type":"ReadAction","target":["https:\/\/somosuacmx.com.mx\/home\/duracion\/"]}]},{"@type":"ImageObject","inLanguage":"es","@id":"https:\/\/somosuacmx.com.mx\/home\/duracion\/#primaryimage","url":"https:\/\/somosuacmx.com.mx\/home\/wp-content\/uploads\/2024\/11\/pexels-towfiqu-barbhuiya-3440682-9810172-scaled.jpg","contentUrl":"https:\/\/somosuacmx.com.mx\/home\/wp-content\/uploads\/2024\/11\/pexels-towfiqu-barbhuiya-3440682-9810172-scaled.jpg","width":2560,"height":1708},{"@type":"BreadcrumbList","@id":"https:\/\/somosuacmx.com.mx\/home\/duracion\/#breadcrumb","itemListElement":[{"@type":"ListItem","position":1,"name":"Portada","item":"https:\/\/somosuacmx.com.mx\/home\/"},{"@type":"ListItem","position":2,"name":"Duraci\u00f3n"}]},{"@type":"WebSite","@id":"https:\/\/somosuacmx.com.mx\/home\/#website","url":"https:\/\/somosuacmx.com.mx\/home\/","name":"Somos UAC","description":"Unidad Acad&eacute;mica de Occidente","publisher":{"@id":"https:\/\/somosuacmx.com.mx\/home\/#organization"},"potentialAction":[{"@type":"SearchAction","target":{"@type":"EntryPoint","urlTemplate":"https:\/\/somosuacmx.com.mx\/home\/?s={search_term_string}"},"query-input":{"@type":"PropertyValueSpecification","valueRequired":true,"valueName":"search_term_string"}}],"inLanguage":"es"},{"@type":"Organization","@id":"https:\/\/somosuacmx.com.mx\/home\/#organization","name":"Unidad Acad\u00e9mica de Occidente","url":"https:\/\/somosuacmx.com.mx\/home\/","logo":{"@type":"ImageObject","inLanguage":"es","@id":"https:\/\/somosuacmx.com.mx\/home\/#\/schema\/logo\/image\/","url":"https:\/\/somosuacmx.com.mx\/home\/wp-content\/uploads\/2024\/11\/logo_blanco.jpg","contentUrl":"https:\/\/somosuacmx.com.mx\/home\/wp-content\/uploads\/2024\/11\/logo_blanco.jpg","width":1080,"height":1080,"caption":"Unidad Acad\u00e9mica de Occidente"},"image":{"@id":"https:\/\/somosuacmx.com.mx\/home\/#\/schema\/logo\/image\/"}}]}},"uagb_featured_image_src":{"full":["https:\/\/somosuacmx.com.mx\/home\/wp-content\/uploads\/2024\/11\/pexels-towfiqu-barbhuiya-3440682-9810172-scaled.jpg",2560,1708,false],"thumbnail":["https:\/\/somosuacmx.com.mx\/home\/wp-content\/uploads\/2024\/11\/pexels-towfiqu-barbhuiya-3440682-9810172-150x150.jpg",150,150,true],"medium":["https:\/\/somosuacmx.com.mx\/home\/wp-content\/uploads\/2024\/11\/pexels-towfiqu-barbhuiya-3440682-9810172-300x200.jpg",300,200,true],"medium_large":["https:\/\/somosuacmx.com.mx\/home\/wp-content\/uploads\/2024\/11\/pexels-towfiqu-barbhuiya-3440682-9810172-768x512.jpg",640,427,true],"large":["https:\/\/somosuacmx.com.mx\/home\/wp-content\/uploads\/2024\/11\/pexels-towfiqu-barbhuiya-3440682-9810172-1024x683.jpg",640,427,true],"1536x1536":["https:\/\/somosuacmx.com.mx\/home\/wp-content\/uploads\/2024\/11\/pexels-towfiqu-barbhuiya-3440682-9810172-1536x1025.jpg",1536,1025,true],"2048x2048":["https:\/\/somosuacmx.com.mx\/home\/wp-content\/uploads\/2024\/11\/pexels-towfiqu-barbhuiya-3440682-9810172-2048x1366.jpg",2048,1366,true],"post-thumbnail":["https:\/\/somosuacmx.com.mx\/home\/wp-content\/uploads\/2024\/11\/pexels-towfiqu-barbhuiya-3440682-9810172-340x240.jpg",340,240,true]},"uagb_author_info":{"display_name":"admin","author_link":"https:\/\/somosuacmx.com.mx\/home\/author\/admin\/"},"uagb_comment_info":0,"uagb_excerpt":"La duraci\u00f3n de este Bachillerato Virtual es de 2 a\u00f1os, 6 meses (modalidad intensiva) dependiendo del avance en la acreditaci\u00f3n de las Unidades de Aprendizaje Curriculares (UAC) que conforman el correspondiente plan de estudios.","_links":{"self":[{"href":"https:\/\/somosuacmx.com.mx\/home\/wp-json\/wp\/v2\/pages\/399","targetHints":{"allow":["GET"]}}],"collection":[{"href":"https:\/\/somosuacmx.com.mx\/home\/wp-json\/wp\/v2\/pages"}],"about":[{"href":"https:\/\/somosuacmx.com.mx\/home\/wp-json\/wp\/v2\/types\/page"}],"author":[{"embeddable":true,"href":"https:\/\/somosuacmx.com.mx\/home\/wp-json\/wp\/v2\/users\/1"}],"replies":[{"embeddable":true,"href":"https:\/\/somosuacmx.com.mx\/home\/wp-json\/wp\/v2\/comments?post=399"}],"version-history":[{"count":0,"href":"https:\/\/somosuacmx.com.mx\/home\/wp-json\/wp\/v2\/pages\/399\/revisions"}],"wp:featuredmedia":[{"embeddable":true,"href":"https:\/\/somosuacmx.com.mx\/home\/wp-json\/wp\/v2\/media\/465"}],"wp:attachment":[{"href":"https:\/\/somosuacmx.com.mx\/home\/wp-json\/wp\/v2\/media?parent=399"}],"curies":[{"name":"wp","href":"https:\/\/api.w.org\/{rel}","templated":true}]}}