{"id":390,"date":"2024-11-10T23:47:36","date_gmt":"2024-11-11T05:47:36","guid":{"rendered":"https:\/\/somosuacmx.com.mx\/home\/?page_id=390"},"modified":"2025-04-20T13:41:38","modified_gmt":"2025-04-20T19:41:38","slug":"escudo-institucional-uac","status":"publish","type":"page","link":"https:\/\/somosuacmx.com.mx\/home\/escudo-institucional-uac\/","title":{"rendered":"Logotipo institucional"},"content":{"rendered":"\n<section id=\"section-g-epup161\" class=\"wp-block-gutentor-about-block gutentor-section gutentor-about about-template1\"><div class=\"grid-container\"><div class=\"gutentor-grid-item-wrap\"><div class=\"gutentor-single-item\"><div class=\"grid-row\"><div class=\"grid-md-6 about-grid\"><div class=\"gutentor-single-item-image-box\"><div class=\"gutentor-image-thumb\"><img loading=\"lazy\" decoding=\"async\" class=\"normal-image\" src=\"https:\/\/somosuacmx.com.mx\/home\/wp-content\/uploads\/2025\/04\/Logo-UAO-VF.jpg\" alt=\"\" height=\"1080\" width=\"1080\" \/><\/div><\/div><\/div><div class=\"grid-md-6 about-grid\"><div class=\"gutentor-single-item-content\"><div class=\"gutentor-about-content\"><p class=\"gutentor-single-item-desc\">El <strong>escudo<\/strong> <strong>institucional<\/strong> simboliza la fortaleza que posee la Instituci\u00f3n para brindar la educaci\u00f3n y asistencia a las y los educandos. El pebetero representa la llama de donde emergen los saberes. Y los leones blancos, de origen poco com\u00fan, en analog\u00eda con la oferta acad\u00e9mica de nuestro plantel, sus servicios acad\u00e9micos, costos, su enfoque humanista, la calidez y calidad de la ense\u00f1anza que se le brinda al alumnado inscrito.<br><br><strong>Nuestros colores<\/strong> son el azul marino y el dorado pues son una bella combinaci\u00f3n que le otorga identidad a nuestra instituci\u00f3n educativa. Estos colores no solo representan valores est\u00e9ticos, sino tambi\u00e9n el compromiso y la excelencia que definen a nuestra comunidad.<br><br>Nuestro lema \u201c<strong>Fe, Respeto y Caridad<\/strong>\u201d est\u00e1 enfocado en el ideal humanista y se conforma por tres valores fundamentales en la vida humana. El valor de la fe en nuestras vidas es una importante herramienta mental que nos impulsa a mantener nuestra motivaci\u00f3n, energ\u00eda y recursos para conseguir lo que m\u00e1s se anhela. Por otro lado, el respeto es un valor y, a su vez, un derecho, sobre los dem\u00e1s pero tambi\u00e9n sobre uno mismo. Este, sin duda, es un componente importante para la vida en sociedad y su inminente desarrollo. Finalmente, la caridad es una virtud que nos invita a mostrar y mantener una actitud solidaria hacia quienes necesitan ayuda sin esperar nada a cambio. En estos tiempos modernos, la generosidad se predica con el ejemplo y aporta muchos beneficios.<br><br>El escudo institucional no solo es un s\u00edmbolo gr\u00e1fico, sino una representaci\u00f3n de los valores y objetivos que gu\u00edan a la Unidad Acad\u00e9mica de Occidente. Nuestra comunidad estudiantil se distingue por su compromiso y crecimiento constante, motivados por los principios de humanismo que fomenta nuestro lema. Los estudiantes inscritos destacan por su capacidad de aplicar estos valores en su vida cotidiana, participando activamente en iniciativas comunitarias y proyectos solidarios. Adem\u00e1s, la calidad de la ense\u00f1anza y la atenci\u00f3n personalizada han tenido un impacto significativo en el desarrollo acad\u00e9mico y personal de nuestros alumnos, posicion\u00e1ndolos como agentes de cambio en sus entornos.<\/p><\/div><\/div><\/div><\/div><\/div><\/div><\/div><\/section>\n","protected":false},"excerpt":{"rendered":"","protected":false},"author":1,"featured_media":0,"parent":0,"menu_order":0,"comment_status":"closed","ping_status":"closed","template":"","meta":{"_uag_custom_page_level_css":"","footnotes":""},"class_list":["post-390","page","type-page","status-publish","hentry"],"yoast_head":"<!-- This site is optimized with the Yoast SEO plugin v27.3 - https:\/\/yoast.com\/product\/yoast-seo-wordpress\/ -->\n<title>Escudo Institucional \u2013 Unidad Acad\u00e9mica de Occidente<\/title>\n<meta name=\"description\" content=\"Descubre el simbolismo y valores del escudo institucional de la Unidad Acad\u00e9mica de Occidente, que reflejan fortaleza, educaci\u00f3n y humanismo.\" \/>\n<meta name=\"robots\" content=\"index, follow, max-snippet:-1, max-image-preview:large, max-video-preview:-1\" \/>\n<link rel=\"canonical\" href=\"https:\/\/somosuacmx.com.mx\/home\/escudo-institucional-uac\/\" \/>\n<meta property=\"og:locale\" content=\"es_ES\" \/>\n<meta property=\"og:type\" content=\"article\" \/>\n<meta property=\"og:title\" content=\"Escudo Institucional \u2013 Unidad Acad\u00e9mica de Occidente\" \/>\n<meta property=\"og:description\" content=\"Descubre el simbolismo y valores del escudo institucional de la Unidad Acad\u00e9mica de Occidente, que reflejan fortaleza, educaci\u00f3n y humanismo.\" \/>\n<meta property=\"og:url\" content=\"https:\/\/somosuacmx.com.mx\/home\/escudo-institucional-uac\/\" \/>\n<meta property=\"og:site_name\" content=\"UAO\" \/>\n<meta property=\"article:modified_time\" content=\"2025-04-20T19:41:38+00:00\" \/>\n<meta property=\"og:image\" content=\"https:\/\/somosuacmx.com.mx\/home\/wp-content\/uploads\/2025\/04\/Logo-UAO-VF.jpg\" \/>\n<meta name=\"twitter:card\" content=\"summary_large_image\" \/>\n<meta name=\"twitter:label1\" content=\"Tiempo de lectura\" \/>\n\t<meta name=\"twitter:data1\" content=\"2 minutos\" \/>\n<script type=\"application\/ld+json\" class=\"yoast-schema-graph\">{\"@context\":\"https:\\\/\\\/schema.org\",\"@graph\":[{\"@type\":\"WebPage\",\"@id\":\"https:\\\/\\\/somosuacmx.com.mx\\\/home\\\/escudo-institucional-uac\\\/\",\"url\":\"https:\\\/\\\/somosuacmx.com.mx\\\/home\\\/escudo-institucional-uac\\\/\",\"name\":\"Escudo Institucional \u2013 Unidad Acad\u00e9mica de Occidente\",\"isPartOf\":{\"@id\":\"https:\\\/\\\/somosuacmx.com.mx\\\/home\\\/#website\"},\"primaryImageOfPage\":{\"@id\":\"https:\\\/\\\/somosuacmx.com.mx\\\/home\\\/escudo-institucional-uac\\\/#primaryimage\"},\"image\":{\"@id\":\"https:\\\/\\\/somosuacmx.com.mx\\\/home\\\/escudo-institucional-uac\\\/#primaryimage\"},\"thumbnailUrl\":\"https:\\\/\\\/somosuacmx.com.mx\\\/home\\\/wp-content\\\/uploads\\\/2025\\\/04\\\/Logo-UAO-VF.jpg\",\"datePublished\":\"2024-11-11T05:47:36+00:00\",\"dateModified\":\"2025-04-20T19:41:38+00:00\",\"description\":\"Descubre el simbolismo y valores del escudo institucional de la Unidad Acad\u00e9mica de Occidente, que reflejan fortaleza, educaci\u00f3n y humanismo.\",\"breadcrumb\":{\"@id\":\"https:\\\/\\\/somosuacmx.com.mx\\\/home\\\/escudo-institucional-uac\\\/#breadcrumb\"},\"inLanguage\":\"es\",\"potentialAction\":[{\"@type\":\"ReadAction\",\"target\":[\"https:\\\/\\\/somosuacmx.com.mx\\\/home\\\/escudo-institucional-uac\\\/\"]}]},{\"@type\":\"ImageObject\",\"inLanguage\":\"es\",\"@id\":\"https:\\\/\\\/somosuacmx.com.mx\\\/home\\\/escudo-institucional-uac\\\/#primaryimage\",\"url\":\"https:\\\/\\\/somosuacmx.com.mx\\\/home\\\/wp-content\\\/uploads\\\/2025\\\/04\\\/Logo-UAO-VF.jpg\",\"contentUrl\":\"https:\\\/\\\/somosuacmx.com.mx\\\/home\\\/wp-content\\\/uploads\\\/2025\\\/04\\\/Logo-UAO-VF.jpg\",\"width\":1080,\"height\":1080},{\"@type\":\"BreadcrumbList\",\"@id\":\"https:\\\/\\\/somosuacmx.com.mx\\\/home\\\/escudo-institucional-uac\\\/#breadcrumb\",\"itemListElement\":[{\"@type\":\"ListItem\",\"position\":1,\"name\":\"Portada\",\"item\":\"https:\\\/\\\/somosuacmx.com.mx\\\/home\\\/\"},{\"@type\":\"ListItem\",\"position\":2,\"name\":\"Logotipo institucional\"}]},{\"@type\":\"WebSite\",\"@id\":\"https:\\\/\\\/somosuacmx.com.mx\\\/home\\\/#website\",\"url\":\"https:\\\/\\\/somosuacmx.com.mx\\\/home\\\/\",\"name\":\"Somos UAC\",\"description\":\"Unidad Acad&eacute;mica de Occidente\",\"publisher\":{\"@id\":\"https:\\\/\\\/somosuacmx.com.mx\\\/home\\\/#organization\"},\"potentialAction\":[{\"@type\":\"SearchAction\",\"target\":{\"@type\":\"EntryPoint\",\"urlTemplate\":\"https:\\\/\\\/somosuacmx.com.mx\\\/home\\\/?s={search_term_string}\"},\"query-input\":{\"@type\":\"PropertyValueSpecification\",\"valueRequired\":true,\"valueName\":\"search_term_string\"}}],\"inLanguage\":\"es\"},{\"@type\":\"Organization\",\"@id\":\"https:\\\/\\\/somosuacmx.com.mx\\\/home\\\/#organization\",\"name\":\"Unidad Acad\u00e9mica de Occidente\",\"url\":\"https:\\\/\\\/somosuacmx.com.mx\\\/home\\\/\",\"logo\":{\"@type\":\"ImageObject\",\"inLanguage\":\"es\",\"@id\":\"https:\\\/\\\/somosuacmx.com.mx\\\/home\\\/#\\\/schema\\\/logo\\\/image\\\/\",\"url\":\"https:\\\/\\\/somosuacmx.com.mx\\\/home\\\/wp-content\\\/uploads\\\/2024\\\/11\\\/logo_blanco.jpg\",\"contentUrl\":\"https:\\\/\\\/somosuacmx.com.mx\\\/home\\\/wp-content\\\/uploads\\\/2024\\\/11\\\/logo_blanco.jpg\",\"width\":1080,\"height\":1080,\"caption\":\"Unidad Acad\u00e9mica de Occidente\"},\"image\":{\"@id\":\"https:\\\/\\\/somosuacmx.com.mx\\\/home\\\/#\\\/schema\\\/logo\\\/image\\\/\"}}]}<\/script>\n<!-- \/ Yoast SEO plugin. -->","yoast_head_json":{"title":"Escudo Institucional \u2013 Unidad Acad\u00e9mica de Occidente","description":"Descubre el simbolismo y valores del escudo institucional de la Unidad Acad\u00e9mica de Occidente, que reflejan fortaleza, educaci\u00f3n y humanismo.","robots":{"index":"index","follow":"follow","max-snippet":"max-snippet:-1","max-image-preview":"max-image-preview:large","max-video-preview":"max-video-preview:-1"},"canonical":"https:\/\/somosuacmx.com.mx\/home\/escudo-institucional-uac\/","og_locale":"es_ES","og_type":"article","og_title":"Escudo Institucional \u2013 Unidad Acad\u00e9mica de Occidente","og_description":"Descubre el simbolismo y valores del escudo institucional de la Unidad Acad\u00e9mica de Occidente, que reflejan fortaleza, educaci\u00f3n y humanismo.","og_url":"https:\/\/somosuacmx.com.mx\/home\/escudo-institucional-uac\/","og_site_name":"UAO","article_modified_time":"2025-04-20T19:41:38+00:00","og_image":[{"url":"https:\/\/somosuacmx.com.mx\/home\/wp-content\/uploads\/2025\/04\/Logo-UAO-VF.jpg","type":"","width":"","height":""}],"twitter_card":"summary_large_image","twitter_misc":{"Tiempo de lectura":"2 minutos"},"schema":{"@context":"https:\/\/schema.org","@graph":[{"@type":"WebPage","@id":"https:\/\/somosuacmx.com.mx\/home\/escudo-institucional-uac\/","url":"https:\/\/somosuacmx.com.mx\/home\/escudo-institucional-uac\/","name":"Escudo Institucional \u2013 Unidad Acad\u00e9mica de Occidente","isPartOf":{"@id":"https:\/\/somosuacmx.com.mx\/home\/#website"},"primaryImageOfPage":{"@id":"https:\/\/somosuacmx.com.mx\/home\/escudo-institucional-uac\/#primaryimage"},"image":{"@id":"https:\/\/somosuacmx.com.mx\/home\/escudo-institucional-uac\/#primaryimage"},"thumbnailUrl":"https:\/\/somosuacmx.com.mx\/home\/wp-content\/uploads\/2025\/04\/Logo-UAO-VF.jpg","datePublished":"2024-11-11T05:47:36+00:00","dateModified":"2025-04-20T19:41:38+00:00","description":"Descubre el simbolismo y valores del escudo institucional de la Unidad Acad\u00e9mica de Occidente, que reflejan fortaleza, educaci\u00f3n y humanismo.","breadcrumb":{"@id":"https:\/\/somosuacmx.com.mx\/home\/escudo-institucional-uac\/#breadcrumb"},"inLanguage":"es","potentialAction":[{"@type":"ReadAction","target":["https:\/\/somosuacmx.com.mx\/home\/escudo-institucional-uac\/"]}]},{"@type":"ImageObject","inLanguage":"es","@id":"https:\/\/somosuacmx.com.mx\/home\/escudo-institucional-uac\/#primaryimage","url":"https:\/\/somosuacmx.com.mx\/home\/wp-content\/uploads\/2025\/04\/Logo-UAO-VF.jpg","contentUrl":"https:\/\/somosuacmx.com.mx\/home\/wp-content\/uploads\/2025\/04\/Logo-UAO-VF.jpg","width":1080,"height":1080},{"@type":"BreadcrumbList","@id":"https:\/\/somosuacmx.com.mx\/home\/escudo-institucional-uac\/#breadcrumb","itemListElement":[{"@type":"ListItem","position":1,"name":"Portada","item":"https:\/\/somosuacmx.com.mx\/home\/"},{"@type":"ListItem","position":2,"name":"Logotipo institucional"}]},{"@type":"WebSite","@id":"https:\/\/somosuacmx.com.mx\/home\/#website","url":"https:\/\/somosuacmx.com.mx\/home\/","name":"Somos UAC","description":"Unidad Acad&eacute;mica de Occidente","publisher":{"@id":"https:\/\/somosuacmx.com.mx\/home\/#organization"},"potentialAction":[{"@type":"SearchAction","target":{"@type":"EntryPoint","urlTemplate":"https:\/\/somosuacmx.com.mx\/home\/?s={search_term_string}"},"query-input":{"@type":"PropertyValueSpecification","valueRequired":true,"valueName":"search_term_string"}}],"inLanguage":"es"},{"@type":"Organization","@id":"https:\/\/somosuacmx.com.mx\/home\/#organization","name":"Unidad Acad\u00e9mica de Occidente","url":"https:\/\/somosuacmx.com.mx\/home\/","logo":{"@type":"ImageObject","inLanguage":"es","@id":"https:\/\/somosuacmx.com.mx\/home\/#\/schema\/logo\/image\/","url":"https:\/\/somosuacmx.com.mx\/home\/wp-content\/uploads\/2024\/11\/logo_blanco.jpg","contentUrl":"https:\/\/somosuacmx.com.mx\/home\/wp-content\/uploads\/2024\/11\/logo_blanco.jpg","width":1080,"height":1080,"caption":"Unidad Acad\u00e9mica de Occidente"},"image":{"@id":"https:\/\/somosuacmx.com.mx\/home\/#\/schema\/logo\/image\/"}}]}},"uagb_featured_image_src":{"full":false,"thumbnail":false,"medium":false,"medium_large":false,"large":false,"1536x1536":false,"2048x2048":false,"post-thumbnail":false},"uagb_author_info":{"display_name":"admin","author_link":"https:\/\/somosuacmx.com.mx\/home\/author\/admin\/"},"uagb_comment_info":0,"uagb_excerpt":null,"_links":{"self":[{"href":"https:\/\/somosuacmx.com.mx\/home\/wp-json\/wp\/v2\/pages\/390","targetHints":{"allow":["GET"]}}],"collection":[{"href":"https:\/\/somosuacmx.com.mx\/home\/wp-json\/wp\/v2\/pages"}],"about":[{"href":"https:\/\/somosuacmx.com.mx\/home\/wp-json\/wp\/v2\/types\/page"}],"author":[{"embeddable":true,"href":"https:\/\/somosuacmx.com.mx\/home\/wp-json\/wp\/v2\/users\/1"}],"replies":[{"embeddable":true,"href":"https:\/\/somosuacmx.com.mx\/home\/wp-json\/wp\/v2\/comments?post=390"}],"version-history":[{"count":2,"href":"https:\/\/somosuacmx.com.mx\/home\/wp-json\/wp\/v2\/pages\/390\/revisions"}],"predecessor-version":[{"id":562,"href":"https:\/\/somosuacmx.com.mx\/home\/wp-json\/wp\/v2\/pages\/390\/revisions\/562"}],"wp:attachment":[{"href":"https:\/\/somosuacmx.com.mx\/home\/wp-json\/wp\/v2\/media?parent=390"}],"curies":[{"name":"wp","href":"https:\/\/api.w.org\/{rel}","templated":true}]}}