{"id":351,"date":"2024-05-23T02:32:23","date_gmt":"2024-05-23T08:32:23","guid":{"rendered":"https:\/\/somosuacmx.com.mx\/home\/?page_id=351"},"modified":"2024-11-10T22:11:29","modified_gmt":"2024-11-11T04:11:29","slug":"valores-fundamentales","status":"publish","type":"page","link":"https:\/\/somosuacmx.com.mx\/home\/valores-fundamentales\/","title":{"rendered":"Nuestros valores"},"content":{"rendered":"\n<ul class=\"wp-block-list\">\n<li><strong>FE<\/strong>: en nuestras vidas es una importante herramienta mental que nos impulsa a mantener nuestra motivaci\u00f3n, energ\u00eda y recursos para conseguir lo que m\u00e1s se anhela.<\/li>\n\n\n\n<li><strong>RESPETO<\/strong>: es un valor y, a su vez, un derecho, sobre los dem\u00e1s pero tambi\u00e9n sobre uno mismo. \u00c9ste, sin duda, es un componente importante para la vida en sociedad y su inminente desarrollo.<\/li>\n\n\n\n<li><strong>CARIDAD<\/strong>: virtud que nos invita a mostrar y mantener una actitud solidaria hacia quienes necesitan ayuda sin esperar nada a cambio. En estos tiempos modernos, la generosidad se predica con el ejemplo y aporta muchos beneficios.<\/li>\n\n\n\n<li><strong>PROGRESO<\/strong>: aquella acci\u00f3n o acciones de ir estrat\u00e9gicamente hacia adelante, avanzando y perfeccionando las capacidades humanas.<\/li>\n\n\n\n<li><strong>SABIDUR\u00cdA<\/strong>: virtud que exalta la \u00abcualidad de saber\u00bb considerando que se aprende por estudio y tambi\u00e9n de la experiencia. En concordancia con Abraham Lincoln comprendemos que \u201cEl conocimiento es la mejor inversi\u00f3n que se puede hacer\u201d.<\/li>\n\n\n\n<li><strong>FORTALEZA<\/strong>: es primordial en la vida de los seres humanos debido a que nos permite enfrentar, y en su caso, superar los retos u obst\u00e1culos que se nos presentan en el d\u00eda a d\u00eda. Asimismo, nos invita a ser fuertes y perseverantes, y a considerarla desde un enfoque integral: alma, cuerpo y mente.<\/li>\n\n\n\n<li><strong>TRABAJO HUMANO<\/strong>: ennoblece y se relaciona directamente con el desarrollo personal, social y nacional.<\/li>\n\n\n\n<li><strong>DISCIPLINA<\/strong>: es un valor y un h\u00e1bito que habla por s\u00ed misma. A trav\u00e9s de \u00e9sta se trabaja con orden y eficacia, en este sentido, la disciplina es sin\u00f3nimo de garant\u00eda y credibilidad ante los dem\u00e1s.<\/li>\n<\/ul>\n","protected":false},"excerpt":{"rendered":"<p>&#8211; Fe<br \/>\n&#8211; Respeto<br \/>\n&#8211; Caridad<br \/>\n&#8211; Progreso<br \/>\n&#8211; Sabidur\u00eda<br \/>\n&#8211; Fortaleza<br \/>\n&#8211; Trabajo Humano<br \/>\n&#8211; Disciplina<\/p>\n","protected":false},"author":1,"featured_media":257,"parent":0,"menu_order":0,"comment_status":"closed","ping_status":"closed","template":"","meta":{"_uag_custom_page_level_css":"","footnotes":""},"class_list":["post-351","page","type-page","status-publish","has-post-thumbnail","hentry"],"yoast_head":"<!-- This site is optimized with the Yoast SEO plugin v27.3 - https:\/\/yoast.com\/product\/yoast-seo-wordpress\/ -->\n<title>Nuestros valores - UAO<\/title>\n<meta name=\"robots\" content=\"index, follow, max-snippet:-1, max-image-preview:large, max-video-preview:-1\" \/>\n<link rel=\"canonical\" href=\"https:\/\/somosuacmx.com.mx\/home\/valores-fundamentales\/\" \/>\n<meta property=\"og:locale\" content=\"es_ES\" \/>\n<meta property=\"og:type\" content=\"article\" \/>\n<meta property=\"og:title\" content=\"Nuestros valores - UAO\" \/>\n<meta property=\"og:description\" content=\"- Fe - Respeto - Caridad - Progreso - Sabidur\u00eda - Fortaleza - Trabajo Humano - Disciplina\" \/>\n<meta property=\"og:url\" content=\"https:\/\/somosuacmx.com.mx\/home\/valores-fundamentales\/\" \/>\n<meta property=\"og:site_name\" content=\"UAO\" \/>\n<meta property=\"article:modified_time\" content=\"2024-11-11T04:11:29+00:00\" \/>\n<meta property=\"og:image\" content=\"https:\/\/somosuacmx.com.mx\/home\/wp-content\/uploads\/2016\/10\/english-1705196_1280-1.jpg\" \/>\n\t<meta property=\"og:image:width\" content=\"1280\" \/>\n\t<meta property=\"og:image:height\" content=\"853\" \/>\n\t<meta property=\"og:image:type\" content=\"image\/jpeg\" \/>\n<meta name=\"twitter:card\" content=\"summary_large_image\" \/>\n<meta name=\"twitter:label1\" content=\"Tiempo de lectura\" \/>\n\t<meta name=\"twitter:data1\" content=\"1 minuto\" \/>\n<script type=\"application\/ld+json\" class=\"yoast-schema-graph\">{\"@context\":\"https:\\\/\\\/schema.org\",\"@graph\":[{\"@type\":\"WebPage\",\"@id\":\"https:\\\/\\\/somosuacmx.com.mx\\\/home\\\/valores-fundamentales\\\/\",\"url\":\"https:\\\/\\\/somosuacmx.com.mx\\\/home\\\/valores-fundamentales\\\/\",\"name\":\"Nuestros valores - UAO\",\"isPartOf\":{\"@id\":\"https:\\\/\\\/somosuacmx.com.mx\\\/home\\\/#website\"},\"primaryImageOfPage\":{\"@id\":\"https:\\\/\\\/somosuacmx.com.mx\\\/home\\\/valores-fundamentales\\\/#primaryimage\"},\"image\":{\"@id\":\"https:\\\/\\\/somosuacmx.com.mx\\\/home\\\/valores-fundamentales\\\/#primaryimage\"},\"thumbnailUrl\":\"https:\\\/\\\/somosuacmx.com.mx\\\/home\\\/wp-content\\\/uploads\\\/2016\\\/10\\\/english-1705196_1280-1.jpg\",\"datePublished\":\"2024-05-23T08:32:23+00:00\",\"dateModified\":\"2024-11-11T04:11:29+00:00\",\"breadcrumb\":{\"@id\":\"https:\\\/\\\/somosuacmx.com.mx\\\/home\\\/valores-fundamentales\\\/#breadcrumb\"},\"inLanguage\":\"es\",\"potentialAction\":[{\"@type\":\"ReadAction\",\"target\":[\"https:\\\/\\\/somosuacmx.com.mx\\\/home\\\/valores-fundamentales\\\/\"]}]},{\"@type\":\"ImageObject\",\"inLanguage\":\"es\",\"@id\":\"https:\\\/\\\/somosuacmx.com.mx\\\/home\\\/valores-fundamentales\\\/#primaryimage\",\"url\":\"https:\\\/\\\/somosuacmx.com.mx\\\/home\\\/wp-content\\\/uploads\\\/2016\\\/10\\\/english-1705196_1280-1.jpg\",\"contentUrl\":\"https:\\\/\\\/somosuacmx.com.mx\\\/home\\\/wp-content\\\/uploads\\\/2016\\\/10\\\/english-1705196_1280-1.jpg\",\"width\":1280,\"height\":853},{\"@type\":\"BreadcrumbList\",\"@id\":\"https:\\\/\\\/somosuacmx.com.mx\\\/home\\\/valores-fundamentales\\\/#breadcrumb\",\"itemListElement\":[{\"@type\":\"ListItem\",\"position\":1,\"name\":\"Portada\",\"item\":\"https:\\\/\\\/somosuacmx.com.mx\\\/home\\\/\"},{\"@type\":\"ListItem\",\"position\":2,\"name\":\"Nuestros valores\"}]},{\"@type\":\"WebSite\",\"@id\":\"https:\\\/\\\/somosuacmx.com.mx\\\/home\\\/#website\",\"url\":\"https:\\\/\\\/somosuacmx.com.mx\\\/home\\\/\",\"name\":\"Somos UAC\",\"description\":\"Unidad Acad&eacute;mica de Occidente\",\"publisher\":{\"@id\":\"https:\\\/\\\/somosuacmx.com.mx\\\/home\\\/#organization\"},\"potentialAction\":[{\"@type\":\"SearchAction\",\"target\":{\"@type\":\"EntryPoint\",\"urlTemplate\":\"https:\\\/\\\/somosuacmx.com.mx\\\/home\\\/?s={search_term_string}\"},\"query-input\":{\"@type\":\"PropertyValueSpecification\",\"valueRequired\":true,\"valueName\":\"search_term_string\"}}],\"inLanguage\":\"es\"},{\"@type\":\"Organization\",\"@id\":\"https:\\\/\\\/somosuacmx.com.mx\\\/home\\\/#organization\",\"name\":\"Unidad Acad\u00e9mica de Occidente\",\"url\":\"https:\\\/\\\/somosuacmx.com.mx\\\/home\\\/\",\"logo\":{\"@type\":\"ImageObject\",\"inLanguage\":\"es\",\"@id\":\"https:\\\/\\\/somosuacmx.com.mx\\\/home\\\/#\\\/schema\\\/logo\\\/image\\\/\",\"url\":\"https:\\\/\\\/somosuacmx.com.mx\\\/home\\\/wp-content\\\/uploads\\\/2024\\\/11\\\/logo_blanco.jpg\",\"contentUrl\":\"https:\\\/\\\/somosuacmx.com.mx\\\/home\\\/wp-content\\\/uploads\\\/2024\\\/11\\\/logo_blanco.jpg\",\"width\":1080,\"height\":1080,\"caption\":\"Unidad Acad\u00e9mica de Occidente\"},\"image\":{\"@id\":\"https:\\\/\\\/somosuacmx.com.mx\\\/home\\\/#\\\/schema\\\/logo\\\/image\\\/\"}}]}<\/script>\n<!-- \/ Yoast SEO plugin. -->","yoast_head_json":{"title":"Nuestros valores - UAO","robots":{"index":"index","follow":"follow","max-snippet":"max-snippet:-1","max-image-preview":"max-image-preview:large","max-video-preview":"max-video-preview:-1"},"canonical":"https:\/\/somosuacmx.com.mx\/home\/valores-fundamentales\/","og_locale":"es_ES","og_type":"article","og_title":"Nuestros valores - UAO","og_description":"- Fe - Respeto - Caridad - Progreso - Sabidur\u00eda - Fortaleza - Trabajo Humano - Disciplina","og_url":"https:\/\/somosuacmx.com.mx\/home\/valores-fundamentales\/","og_site_name":"UAO","article_modified_time":"2024-11-11T04:11:29+00:00","og_image":[{"width":1280,"height":853,"url":"https:\/\/somosuacmx.com.mx\/home\/wp-content\/uploads\/2016\/10\/english-1705196_1280-1.jpg","type":"image\/jpeg"}],"twitter_card":"summary_large_image","twitter_misc":{"Tiempo de lectura":"1 minuto"},"schema":{"@context":"https:\/\/schema.org","@graph":[{"@type":"WebPage","@id":"https:\/\/somosuacmx.com.mx\/home\/valores-fundamentales\/","url":"https:\/\/somosuacmx.com.mx\/home\/valores-fundamentales\/","name":"Nuestros valores - UAO","isPartOf":{"@id":"https:\/\/somosuacmx.com.mx\/home\/#website"},"primaryImageOfPage":{"@id":"https:\/\/somosuacmx.com.mx\/home\/valores-fundamentales\/#primaryimage"},"image":{"@id":"https:\/\/somosuacmx.com.mx\/home\/valores-fundamentales\/#primaryimage"},"thumbnailUrl":"https:\/\/somosuacmx.com.mx\/home\/wp-content\/uploads\/2016\/10\/english-1705196_1280-1.jpg","datePublished":"2024-05-23T08:32:23+00:00","dateModified":"2024-11-11T04:11:29+00:00","breadcrumb":{"@id":"https:\/\/somosuacmx.com.mx\/home\/valores-fundamentales\/#breadcrumb"},"inLanguage":"es","potentialAction":[{"@type":"ReadAction","target":["https:\/\/somosuacmx.com.mx\/home\/valores-fundamentales\/"]}]},{"@type":"ImageObject","inLanguage":"es","@id":"https:\/\/somosuacmx.com.mx\/home\/valores-fundamentales\/#primaryimage","url":"https:\/\/somosuacmx.com.mx\/home\/wp-content\/uploads\/2016\/10\/english-1705196_1280-1.jpg","contentUrl":"https:\/\/somosuacmx.com.mx\/home\/wp-content\/uploads\/2016\/10\/english-1705196_1280-1.jpg","width":1280,"height":853},{"@type":"BreadcrumbList","@id":"https:\/\/somosuacmx.com.mx\/home\/valores-fundamentales\/#breadcrumb","itemListElement":[{"@type":"ListItem","position":1,"name":"Portada","item":"https:\/\/somosuacmx.com.mx\/home\/"},{"@type":"ListItem","position":2,"name":"Nuestros valores"}]},{"@type":"WebSite","@id":"https:\/\/somosuacmx.com.mx\/home\/#website","url":"https:\/\/somosuacmx.com.mx\/home\/","name":"Somos UAC","description":"Unidad Acad&eacute;mica de Occidente","publisher":{"@id":"https:\/\/somosuacmx.com.mx\/home\/#organization"},"potentialAction":[{"@type":"SearchAction","target":{"@type":"EntryPoint","urlTemplate":"https:\/\/somosuacmx.com.mx\/home\/?s={search_term_string}"},"query-input":{"@type":"PropertyValueSpecification","valueRequired":true,"valueName":"search_term_string"}}],"inLanguage":"es"},{"@type":"Organization","@id":"https:\/\/somosuacmx.com.mx\/home\/#organization","name":"Unidad Acad\u00e9mica de Occidente","url":"https:\/\/somosuacmx.com.mx\/home\/","logo":{"@type":"ImageObject","inLanguage":"es","@id":"https:\/\/somosuacmx.com.mx\/home\/#\/schema\/logo\/image\/","url":"https:\/\/somosuacmx.com.mx\/home\/wp-content\/uploads\/2024\/11\/logo_blanco.jpg","contentUrl":"https:\/\/somosuacmx.com.mx\/home\/wp-content\/uploads\/2024\/11\/logo_blanco.jpg","width":1080,"height":1080,"caption":"Unidad Acad\u00e9mica de Occidente"},"image":{"@id":"https:\/\/somosuacmx.com.mx\/home\/#\/schema\/logo\/image\/"}}]}},"uagb_featured_image_src":{"full":["https:\/\/somosuacmx.com.mx\/home\/wp-content\/uploads\/2016\/10\/english-1705196_1280-1.jpg",1280,853,false],"thumbnail":["https:\/\/somosuacmx.com.mx\/home\/wp-content\/uploads\/2016\/10\/english-1705196_1280-1-500x280.jpg",150,84,true],"medium":["https:\/\/somosuacmx.com.mx\/home\/wp-content\/uploads\/2016\/10\/english-1705196_1280-1-600x400.jpg",300,200,true],"medium_large":["https:\/\/somosuacmx.com.mx\/home\/wp-content\/uploads\/2016\/10\/english-1705196_1280-1-768x512.jpg",640,427,true],"large":["https:\/\/somosuacmx.com.mx\/home\/wp-content\/uploads\/2016\/10\/english-1705196_1280-1-795x530.jpg",640,427,true],"1536x1536":["https:\/\/somosuacmx.com.mx\/home\/wp-content\/uploads\/2016\/10\/english-1705196_1280-1.jpg",1280,853,false],"2048x2048":["https:\/\/somosuacmx.com.mx\/home\/wp-content\/uploads\/2016\/10\/english-1705196_1280-1.jpg",1280,853,false],"post-thumbnail":["https:\/\/somosuacmx.com.mx\/home\/wp-content\/uploads\/2016\/10\/english-1705196_1280-1-340x240.jpg",340,240,true]},"uagb_author_info":{"display_name":"admin","author_link":"https:\/\/somosuacmx.com.mx\/home\/author\/admin\/"},"uagb_comment_info":0,"uagb_excerpt":"- Fe - Respeto - Caridad - Progreso - Sabidur\u00eda - Fortaleza - Trabajo Humano - Disciplina","_links":{"self":[{"href":"https:\/\/somosuacmx.com.mx\/home\/wp-json\/wp\/v2\/pages\/351","targetHints":{"allow":["GET"]}}],"collection":[{"href":"https:\/\/somosuacmx.com.mx\/home\/wp-json\/wp\/v2\/pages"}],"about":[{"href":"https:\/\/somosuacmx.com.mx\/home\/wp-json\/wp\/v2\/types\/page"}],"author":[{"embeddable":true,"href":"https:\/\/somosuacmx.com.mx\/home\/wp-json\/wp\/v2\/users\/1"}],"replies":[{"embeddable":true,"href":"https:\/\/somosuacmx.com.mx\/home\/wp-json\/wp\/v2\/comments?post=351"}],"version-history":[{"count":0,"href":"https:\/\/somosuacmx.com.mx\/home\/wp-json\/wp\/v2\/pages\/351\/revisions"}],"wp:featuredmedia":[{"embeddable":true,"href":"https:\/\/somosuacmx.com.mx\/home\/wp-json\/wp\/v2\/media\/257"}],"wp:attachment":[{"href":"https:\/\/somosuacmx.com.mx\/home\/wp-json\/wp\/v2\/media?parent=351"}],"curies":[{"name":"wp","href":"https:\/\/api.w.org\/{rel}","templated":true}]}}