{"id":336,"date":"2024-05-23T02:02:04","date_gmt":"2024-05-23T08:02:04","guid":{"rendered":"https:\/\/somosuacmx.com.mx\/home\/?page_id=336"},"modified":"2024-05-23T02:08:52","modified_gmt":"2024-05-23T08:08:52","slug":"perfil-de-egreso","status":"publish","type":"page","link":"https:\/\/somosuacmx.com.mx\/home\/perfiles\/perfil-de-egreso\/","title":{"rendered":"Perfil de egreso"},"content":{"rendered":"\n<p>El egresado y egresada que concluye sus estudios en el Bachillerato Virtual \u201cLeones blancos\u201d cuentan con una s\u00f3lida formaci\u00f3n integral que contribuye a lograr una aut\u00e9ntica transformaci\u00f3n personal, social y comunitaria. Asimismo, se adquieren y fortalecen los principios que fomenta el proyecto educativo de la Nueva Escuela Mexicana (NEM):<\/p>\n\n\n\n<ul class=\"wp-block-list\">\n<li>Identidad con M\u00e9xico.<\/li>\n\n\n\n<li>Responsabilidad ciudadana y social.<\/li>\n\n\n\n<li>Honestidad.<\/li>\n\n\n\n<li>Participaci\u00f3n en la transformaci\u00f3n de la sociedad.<\/li>\n\n\n\n<li>Respeto de la dignidad humana.<\/li>\n\n\n\n<li>Intercambio intercultural.<\/li>\n\n\n\n<li>Cultura de la paz.<\/li>\n\n\n\n<li>Respeto por la naturaleza y cuidado del medio ambiente.<\/li>\n<\/ul>\n\n\n\n<p>En suma, se formar\u00e1n estudiantes capaces de conducir su vida hacia un futuro con bienestar y satisfacci\u00f3n, y de aprender a aprender en el trayecto de su vida, con sentido de pertenencia social, conscientes de los problemas sociales, econ\u00f3micos y pol\u00edticos del pa\u00eds, pero tambi\u00e9n de su entorno inmediato, dispuestos a participar de manera responsable y decidida en la construcci\u00f3n de una ciudadan\u00eda responsable que participa en los procesos de elecci\u00f3n de las autoridades, ejerciendo su derecho de voto, as\u00ed como en las soluciones de las problem\u00e1ticas que los aquejan en lo individual y en lo colectivo. (ACUERDO n\u00famero 17\/08\/22)<\/p>\n","protected":false},"excerpt":{"rendered":"<p>El egresado y egresada que concluye sus estudios en el Bachillerato Virtual \u201cLeones blancos\u201d cuentan con una s\u00f3lida formaci\u00f3n integral que contribuye a lograr una aut\u00e9ntica transformaci\u00f3n personal, social y comunitaria. Asimismo, se adquieren y fortalecen los principios que fomenta el proyecto educativo de la Nueva Escuela Mexicana (NEM): En suma, se formar\u00e1n estudiantes capaces&hellip;<\/p>\n","protected":false},"author":1,"featured_media":0,"parent":339,"menu_order":0,"comment_status":"closed","ping_status":"closed","template":"","meta":{"_uag_custom_page_level_css":"","footnotes":""},"class_list":["post-336","page","type-page","status-publish","hentry"],"yoast_head":"<!-- This site is optimized with the Yoast SEO plugin v27.3 - https:\/\/yoast.com\/product\/yoast-seo-wordpress\/ -->\n<title>Perfil de egreso - UAO<\/title>\n<meta name=\"robots\" content=\"index, follow, max-snippet:-1, max-image-preview:large, max-video-preview:-1\" \/>\n<link rel=\"canonical\" href=\"https:\/\/somosuacmx.com.mx\/home\/perfiles\/perfil-de-egreso\/\" \/>\n<meta property=\"og:locale\" content=\"es_ES\" \/>\n<meta property=\"og:type\" content=\"article\" \/>\n<meta property=\"og:title\" content=\"Perfil de egreso - UAO\" \/>\n<meta property=\"og:description\" content=\"El egresado y egresada que concluye sus estudios en el Bachillerato Virtual \u201cLeones blancos\u201d cuentan con una s\u00f3lida formaci\u00f3n integral que contribuye a lograr una aut\u00e9ntica transformaci\u00f3n personal, social y comunitaria. Asimismo, se adquieren y fortalecen los principios que fomenta el proyecto educativo de la Nueva Escuela Mexicana (NEM): En suma, se formar\u00e1n estudiantes capaces&hellip;\" \/>\n<meta property=\"og:url\" content=\"https:\/\/somosuacmx.com.mx\/home\/perfiles\/perfil-de-egreso\/\" \/>\n<meta property=\"og:site_name\" content=\"UAO\" \/>\n<meta property=\"article:modified_time\" content=\"2024-05-23T08:08:52+00:00\" \/>\n<meta property=\"og:image\" content=\"https:\/\/somosuacmx.com.mx\/home\/wp-content\/uploads\/2025\/04\/Logo-UAO-VF.jpg\" \/>\n\t<meta property=\"og:image:width\" content=\"1080\" \/>\n\t<meta property=\"og:image:height\" content=\"1080\" \/>\n\t<meta property=\"og:image:type\" content=\"image\/jpeg\" \/>\n<meta name=\"twitter:card\" content=\"summary_large_image\" \/>\n<meta name=\"twitter:label1\" content=\"Tiempo de lectura\" \/>\n\t<meta name=\"twitter:data1\" content=\"1 minuto\" \/>\n<script type=\"application\/ld+json\" class=\"yoast-schema-graph\">{\"@context\":\"https:\\\/\\\/schema.org\",\"@graph\":[{\"@type\":\"WebPage\",\"@id\":\"https:\\\/\\\/somosuacmx.com.mx\\\/home\\\/perfiles\\\/perfil-de-egreso\\\/\",\"url\":\"https:\\\/\\\/somosuacmx.com.mx\\\/home\\\/perfiles\\\/perfil-de-egreso\\\/\",\"name\":\"Perfil de egreso - UAO\",\"isPartOf\":{\"@id\":\"https:\\\/\\\/somosuacmx.com.mx\\\/home\\\/#website\"},\"datePublished\":\"2024-05-23T08:02:04+00:00\",\"dateModified\":\"2024-05-23T08:08:52+00:00\",\"breadcrumb\":{\"@id\":\"https:\\\/\\\/somosuacmx.com.mx\\\/home\\\/perfiles\\\/perfil-de-egreso\\\/#breadcrumb\"},\"inLanguage\":\"es\",\"potentialAction\":[{\"@type\":\"ReadAction\",\"target\":[\"https:\\\/\\\/somosuacmx.com.mx\\\/home\\\/perfiles\\\/perfil-de-egreso\\\/\"]}]},{\"@type\":\"BreadcrumbList\",\"@id\":\"https:\\\/\\\/somosuacmx.com.mx\\\/home\\\/perfiles\\\/perfil-de-egreso\\\/#breadcrumb\",\"itemListElement\":[{\"@type\":\"ListItem\",\"position\":1,\"name\":\"Portada\",\"item\":\"https:\\\/\\\/somosuacmx.com.mx\\\/home\\\/\"},{\"@type\":\"ListItem\",\"position\":2,\"name\":\"Perfiles\",\"item\":\"https:\\\/\\\/somosuacmx.com.mx\\\/home\\\/perfiles\\\/\"},{\"@type\":\"ListItem\",\"position\":3,\"name\":\"Perfil de egreso\"}]},{\"@type\":\"WebSite\",\"@id\":\"https:\\\/\\\/somosuacmx.com.mx\\\/home\\\/#website\",\"url\":\"https:\\\/\\\/somosuacmx.com.mx\\\/home\\\/\",\"name\":\"Somos UAC\",\"description\":\"Unidad Acad&eacute;mica de Occidente\",\"publisher\":{\"@id\":\"https:\\\/\\\/somosuacmx.com.mx\\\/home\\\/#organization\"},\"potentialAction\":[{\"@type\":\"SearchAction\",\"target\":{\"@type\":\"EntryPoint\",\"urlTemplate\":\"https:\\\/\\\/somosuacmx.com.mx\\\/home\\\/?s={search_term_string}\"},\"query-input\":{\"@type\":\"PropertyValueSpecification\",\"valueRequired\":true,\"valueName\":\"search_term_string\"}}],\"inLanguage\":\"es\"},{\"@type\":\"Organization\",\"@id\":\"https:\\\/\\\/somosuacmx.com.mx\\\/home\\\/#organization\",\"name\":\"Unidad Acad\u00e9mica de Occidente\",\"url\":\"https:\\\/\\\/somosuacmx.com.mx\\\/home\\\/\",\"logo\":{\"@type\":\"ImageObject\",\"inLanguage\":\"es\",\"@id\":\"https:\\\/\\\/somosuacmx.com.mx\\\/home\\\/#\\\/schema\\\/logo\\\/image\\\/\",\"url\":\"https:\\\/\\\/somosuacmx.com.mx\\\/home\\\/wp-content\\\/uploads\\\/2024\\\/11\\\/logo_blanco.jpg\",\"contentUrl\":\"https:\\\/\\\/somosuacmx.com.mx\\\/home\\\/wp-content\\\/uploads\\\/2024\\\/11\\\/logo_blanco.jpg\",\"width\":1080,\"height\":1080,\"caption\":\"Unidad Acad\u00e9mica de Occidente\"},\"image\":{\"@id\":\"https:\\\/\\\/somosuacmx.com.mx\\\/home\\\/#\\\/schema\\\/logo\\\/image\\\/\"}}]}<\/script>\n<!-- \/ Yoast SEO plugin. -->","yoast_head_json":{"title":"Perfil de egreso - UAO","robots":{"index":"index","follow":"follow","max-snippet":"max-snippet:-1","max-image-preview":"max-image-preview:large","max-video-preview":"max-video-preview:-1"},"canonical":"https:\/\/somosuacmx.com.mx\/home\/perfiles\/perfil-de-egreso\/","og_locale":"es_ES","og_type":"article","og_title":"Perfil de egreso - UAO","og_description":"El egresado y egresada que concluye sus estudios en el Bachillerato Virtual \u201cLeones blancos\u201d cuentan con una s\u00f3lida formaci\u00f3n integral que contribuye a lograr una aut\u00e9ntica transformaci\u00f3n personal, social y comunitaria. Asimismo, se adquieren y fortalecen los principios que fomenta el proyecto educativo de la Nueva Escuela Mexicana (NEM): En suma, se formar\u00e1n estudiantes capaces&hellip;","og_url":"https:\/\/somosuacmx.com.mx\/home\/perfiles\/perfil-de-egreso\/","og_site_name":"UAO","article_modified_time":"2024-05-23T08:08:52+00:00","og_image":[{"width":1080,"height":1080,"url":"https:\/\/somosuacmx.com.mx\/home\/wp-content\/uploads\/2025\/04\/Logo-UAO-VF.jpg","type":"image\/jpeg"}],"twitter_card":"summary_large_image","twitter_misc":{"Tiempo de lectura":"1 minuto"},"schema":{"@context":"https:\/\/schema.org","@graph":[{"@type":"WebPage","@id":"https:\/\/somosuacmx.com.mx\/home\/perfiles\/perfil-de-egreso\/","url":"https:\/\/somosuacmx.com.mx\/home\/perfiles\/perfil-de-egreso\/","name":"Perfil de egreso - UAO","isPartOf":{"@id":"https:\/\/somosuacmx.com.mx\/home\/#website"},"datePublished":"2024-05-23T08:02:04+00:00","dateModified":"2024-05-23T08:08:52+00:00","breadcrumb":{"@id":"https:\/\/somosuacmx.com.mx\/home\/perfiles\/perfil-de-egreso\/#breadcrumb"},"inLanguage":"es","potentialAction":[{"@type":"ReadAction","target":["https:\/\/somosuacmx.com.mx\/home\/perfiles\/perfil-de-egreso\/"]}]},{"@type":"BreadcrumbList","@id":"https:\/\/somosuacmx.com.mx\/home\/perfiles\/perfil-de-egreso\/#breadcrumb","itemListElement":[{"@type":"ListItem","position":1,"name":"Portada","item":"https:\/\/somosuacmx.com.mx\/home\/"},{"@type":"ListItem","position":2,"name":"Perfiles","item":"https:\/\/somosuacmx.com.mx\/home\/perfiles\/"},{"@type":"ListItem","position":3,"name":"Perfil de egreso"}]},{"@type":"WebSite","@id":"https:\/\/somosuacmx.com.mx\/home\/#website","url":"https:\/\/somosuacmx.com.mx\/home\/","name":"Somos UAC","description":"Unidad Acad&eacute;mica de Occidente","publisher":{"@id":"https:\/\/somosuacmx.com.mx\/home\/#organization"},"potentialAction":[{"@type":"SearchAction","target":{"@type":"EntryPoint","urlTemplate":"https:\/\/somosuacmx.com.mx\/home\/?s={search_term_string}"},"query-input":{"@type":"PropertyValueSpecification","valueRequired":true,"valueName":"search_term_string"}}],"inLanguage":"es"},{"@type":"Organization","@id":"https:\/\/somosuacmx.com.mx\/home\/#organization","name":"Unidad Acad\u00e9mica de Occidente","url":"https:\/\/somosuacmx.com.mx\/home\/","logo":{"@type":"ImageObject","inLanguage":"es","@id":"https:\/\/somosuacmx.com.mx\/home\/#\/schema\/logo\/image\/","url":"https:\/\/somosuacmx.com.mx\/home\/wp-content\/uploads\/2024\/11\/logo_blanco.jpg","contentUrl":"https:\/\/somosuacmx.com.mx\/home\/wp-content\/uploads\/2024\/11\/logo_blanco.jpg","width":1080,"height":1080,"caption":"Unidad Acad\u00e9mica de Occidente"},"image":{"@id":"https:\/\/somosuacmx.com.mx\/home\/#\/schema\/logo\/image\/"}}]}},"uagb_featured_image_src":{"full":false,"thumbnail":false,"medium":false,"medium_large":false,"large":false,"1536x1536":false,"2048x2048":false,"post-thumbnail":false},"uagb_author_info":{"display_name":"admin","author_link":"https:\/\/somosuacmx.com.mx\/home\/author\/admin\/"},"uagb_comment_info":0,"uagb_excerpt":"El egresado y egresada que concluye sus estudios en el Bachillerato Virtual \u201cLeones blancos\u201d cuentan con una s\u00f3lida formaci\u00f3n integral que contribuye a lograr una aut\u00e9ntica transformaci\u00f3n personal, social y comunitaria. Asimismo, se adquieren y fortalecen los principios que fomenta el proyecto educativo de la Nueva Escuela Mexicana (NEM): En suma, se formar\u00e1n estudiantes capaces&hellip;","_links":{"self":[{"href":"https:\/\/somosuacmx.com.mx\/home\/wp-json\/wp\/v2\/pages\/336","targetHints":{"allow":["GET"]}}],"collection":[{"href":"https:\/\/somosuacmx.com.mx\/home\/wp-json\/wp\/v2\/pages"}],"about":[{"href":"https:\/\/somosuacmx.com.mx\/home\/wp-json\/wp\/v2\/types\/page"}],"author":[{"embeddable":true,"href":"https:\/\/somosuacmx.com.mx\/home\/wp-json\/wp\/v2\/users\/1"}],"replies":[{"embeddable":true,"href":"https:\/\/somosuacmx.com.mx\/home\/wp-json\/wp\/v2\/comments?post=336"}],"version-history":[{"count":0,"href":"https:\/\/somosuacmx.com.mx\/home\/wp-json\/wp\/v2\/pages\/336\/revisions"}],"up":[{"embeddable":true,"href":"https:\/\/somosuacmx.com.mx\/home\/wp-json\/wp\/v2\/pages\/339"}],"wp:attachment":[{"href":"https:\/\/somosuacmx.com.mx\/home\/wp-json\/wp\/v2\/media?parent=336"}],"curies":[{"name":"wp","href":"https:\/\/api.w.org\/{rel}","templated":true}]}}