{"id":331,"date":"2024-05-23T01:39:12","date_gmt":"2024-05-23T07:39:12","guid":{"rendered":"https:\/\/somosuacmx.com.mx\/home\/?page_id=331"},"modified":"2024-11-11T21:30:25","modified_gmt":"2024-11-12T03:30:25","slug":"bienvenidas-y-bienvenidos","status":"publish","type":"page","link":"https:\/\/somosuacmx.com.mx\/home\/bienvenidas-y-bienvenidos\/","title":{"rendered":"Bienvenidas y bienvenidos"},"content":{"rendered":"\n<p>La <strong>Unidad Acad\u00e9mica de Occidente<\/strong> les brinda una cordial bienvenida. Esta opci\u00f3n de Educaci\u00f3n Media Superior incorporada a la <em>Secretar\u00eda de Educaci\u00f3n Jalisco<\/em> (SEJ) les ofrece la oportunidad de cursar o retomar sus estudios de Bachillerato en modalidad virtual e intensiva desde cualquier lugar y con apoyo de un dispositivo electr\u00f3nico con acceso a Internet.<\/p>\n\n\n\n<p>El modelo educativo de la Unidad Acad\u00e9mica de Occidente tiene como base los principios y orientaciones de la Nueva Escuela Mexicana (NEM), el cual potencia un enfoque cr\u00edtico, humanista y comunitario para formar estudiantes aut\u00f3nomos con una visi\u00f3n integral, que respondan a los complejos y diversos contextos del presente Siglo.<\/p>\n\n\n\n<p>\u00a1Enhorabuena!<\/p>\n","protected":false},"excerpt":{"rendered":"<p>La Unidad Acad\u00e9mica de Occidente les brinda una cordial bienvenida. Esta opci\u00f3n de Educaci\u00f3n Media Superior incorporada a la Secretar\u00eda de Educaci\u00f3n Jalisco (SEJ) les ofrece la oportunidad de cursar o retomar sus estudios de Bachillerato en modalidad virtual e intensiva desde cualquier lugar y con apoyo de un dispositivo electr\u00f3nico con acceso a Internet.&hellip;<\/p>\n","protected":false},"author":1,"featured_media":429,"parent":0,"menu_order":0,"comment_status":"closed","ping_status":"closed","template":"","meta":{"_uag_custom_page_level_css":"","footnotes":""},"class_list":["post-331","page","type-page","status-publish","has-post-thumbnail","hentry"],"yoast_head":"<!-- This site is optimized with the Yoast SEO plugin v27.3 - https:\/\/yoast.com\/product\/yoast-seo-wordpress\/ -->\n<title>Bienvenidas y bienvenidos - UAO<\/title>\n<meta name=\"robots\" content=\"index, follow, max-snippet:-1, max-image-preview:large, max-video-preview:-1\" \/>\n<link rel=\"canonical\" href=\"https:\/\/somosuacmx.com.mx\/home\/bienvenidas-y-bienvenidos\/\" \/>\n<meta property=\"og:locale\" content=\"es_ES\" \/>\n<meta property=\"og:type\" content=\"article\" \/>\n<meta property=\"og:title\" content=\"Bienvenidas y bienvenidos - UAO\" \/>\n<meta property=\"og:description\" content=\"La Unidad Acad\u00e9mica de Occidente les brinda una cordial bienvenida. Esta opci\u00f3n de Educaci\u00f3n Media Superior incorporada a la Secretar\u00eda de Educaci\u00f3n Jalisco (SEJ) les ofrece la oportunidad de cursar o retomar sus estudios de Bachillerato en modalidad virtual e intensiva desde cualquier lugar y con apoyo de un dispositivo electr\u00f3nico con acceso a Internet.&hellip;\" \/>\n<meta property=\"og:url\" content=\"https:\/\/somosuacmx.com.mx\/home\/bienvenidas-y-bienvenidos\/\" \/>\n<meta property=\"og:site_name\" content=\"UAO\" \/>\n<meta property=\"article:modified_time\" content=\"2024-11-12T03:30:25+00:00\" \/>\n<meta property=\"og:image\" content=\"https:\/\/somosuacmx.com.mx\/home\/wp-content\/uploads\/2024\/11\/pexels-element5-1370296-scaled.jpg\" \/>\n\t<meta property=\"og:image:width\" content=\"2560\" \/>\n\t<meta property=\"og:image:height\" content=\"1709\" \/>\n\t<meta property=\"og:image:type\" content=\"image\/jpeg\" \/>\n<meta name=\"twitter:card\" content=\"summary_large_image\" \/>\n<meta name=\"twitter:label1\" content=\"Tiempo de lectura\" \/>\n\t<meta name=\"twitter:data1\" content=\"1 minuto\" \/>\n<script type=\"application\/ld+json\" class=\"yoast-schema-graph\">{\"@context\":\"https:\\\/\\\/schema.org\",\"@graph\":[{\"@type\":\"WebPage\",\"@id\":\"https:\\\/\\\/somosuacmx.com.mx\\\/home\\\/bienvenidas-y-bienvenidos\\\/\",\"url\":\"https:\\\/\\\/somosuacmx.com.mx\\\/home\\\/bienvenidas-y-bienvenidos\\\/\",\"name\":\"Bienvenidas y bienvenidos - UAO\",\"isPartOf\":{\"@id\":\"https:\\\/\\\/somosuacmx.com.mx\\\/home\\\/#website\"},\"primaryImageOfPage\":{\"@id\":\"https:\\\/\\\/somosuacmx.com.mx\\\/home\\\/bienvenidas-y-bienvenidos\\\/#primaryimage\"},\"image\":{\"@id\":\"https:\\\/\\\/somosuacmx.com.mx\\\/home\\\/bienvenidas-y-bienvenidos\\\/#primaryimage\"},\"thumbnailUrl\":\"https:\\\/\\\/somosuacmx.com.mx\\\/home\\\/wp-content\\\/uploads\\\/2024\\\/11\\\/pexels-element5-1370296-scaled.jpg\",\"datePublished\":\"2024-05-23T07:39:12+00:00\",\"dateModified\":\"2024-11-12T03:30:25+00:00\",\"breadcrumb\":{\"@id\":\"https:\\\/\\\/somosuacmx.com.mx\\\/home\\\/bienvenidas-y-bienvenidos\\\/#breadcrumb\"},\"inLanguage\":\"es\",\"potentialAction\":[{\"@type\":\"ReadAction\",\"target\":[\"https:\\\/\\\/somosuacmx.com.mx\\\/home\\\/bienvenidas-y-bienvenidos\\\/\"]}]},{\"@type\":\"ImageObject\",\"inLanguage\":\"es\",\"@id\":\"https:\\\/\\\/somosuacmx.com.mx\\\/home\\\/bienvenidas-y-bienvenidos\\\/#primaryimage\",\"url\":\"https:\\\/\\\/somosuacmx.com.mx\\\/home\\\/wp-content\\\/uploads\\\/2024\\\/11\\\/pexels-element5-1370296-scaled.jpg\",\"contentUrl\":\"https:\\\/\\\/somosuacmx.com.mx\\\/home\\\/wp-content\\\/uploads\\\/2024\\\/11\\\/pexels-element5-1370296-scaled.jpg\",\"width\":2560,\"height\":1709},{\"@type\":\"BreadcrumbList\",\"@id\":\"https:\\\/\\\/somosuacmx.com.mx\\\/home\\\/bienvenidas-y-bienvenidos\\\/#breadcrumb\",\"itemListElement\":[{\"@type\":\"ListItem\",\"position\":1,\"name\":\"Portada\",\"item\":\"https:\\\/\\\/somosuacmx.com.mx\\\/home\\\/\"},{\"@type\":\"ListItem\",\"position\":2,\"name\":\"Bienvenidas y bienvenidos\"}]},{\"@type\":\"WebSite\",\"@id\":\"https:\\\/\\\/somosuacmx.com.mx\\\/home\\\/#website\",\"url\":\"https:\\\/\\\/somosuacmx.com.mx\\\/home\\\/\",\"name\":\"Somos UAC\",\"description\":\"Unidad Acad&eacute;mica de Occidente\",\"publisher\":{\"@id\":\"https:\\\/\\\/somosuacmx.com.mx\\\/home\\\/#organization\"},\"potentialAction\":[{\"@type\":\"SearchAction\",\"target\":{\"@type\":\"EntryPoint\",\"urlTemplate\":\"https:\\\/\\\/somosuacmx.com.mx\\\/home\\\/?s={search_term_string}\"},\"query-input\":{\"@type\":\"PropertyValueSpecification\",\"valueRequired\":true,\"valueName\":\"search_term_string\"}}],\"inLanguage\":\"es\"},{\"@type\":\"Organization\",\"@id\":\"https:\\\/\\\/somosuacmx.com.mx\\\/home\\\/#organization\",\"name\":\"Unidad Acad\u00e9mica de Occidente\",\"url\":\"https:\\\/\\\/somosuacmx.com.mx\\\/home\\\/\",\"logo\":{\"@type\":\"ImageObject\",\"inLanguage\":\"es\",\"@id\":\"https:\\\/\\\/somosuacmx.com.mx\\\/home\\\/#\\\/schema\\\/logo\\\/image\\\/\",\"url\":\"https:\\\/\\\/somosuacmx.com.mx\\\/home\\\/wp-content\\\/uploads\\\/2024\\\/11\\\/logo_blanco.jpg\",\"contentUrl\":\"https:\\\/\\\/somosuacmx.com.mx\\\/home\\\/wp-content\\\/uploads\\\/2024\\\/11\\\/logo_blanco.jpg\",\"width\":1080,\"height\":1080,\"caption\":\"Unidad Acad\u00e9mica de Occidente\"},\"image\":{\"@id\":\"https:\\\/\\\/somosuacmx.com.mx\\\/home\\\/#\\\/schema\\\/logo\\\/image\\\/\"}}]}<\/script>\n<!-- \/ Yoast SEO plugin. -->","yoast_head_json":{"title":"Bienvenidas y bienvenidos - UAO","robots":{"index":"index","follow":"follow","max-snippet":"max-snippet:-1","max-image-preview":"max-image-preview:large","max-video-preview":"max-video-preview:-1"},"canonical":"https:\/\/somosuacmx.com.mx\/home\/bienvenidas-y-bienvenidos\/","og_locale":"es_ES","og_type":"article","og_title":"Bienvenidas y bienvenidos - UAO","og_description":"La Unidad Acad\u00e9mica de Occidente les brinda una cordial bienvenida. Esta opci\u00f3n de Educaci\u00f3n Media Superior incorporada a la Secretar\u00eda de Educaci\u00f3n Jalisco (SEJ) les ofrece la oportunidad de cursar o retomar sus estudios de Bachillerato en modalidad virtual e intensiva desde cualquier lugar y con apoyo de un dispositivo electr\u00f3nico con acceso a Internet.&hellip;","og_url":"https:\/\/somosuacmx.com.mx\/home\/bienvenidas-y-bienvenidos\/","og_site_name":"UAO","article_modified_time":"2024-11-12T03:30:25+00:00","og_image":[{"width":2560,"height":1709,"url":"https:\/\/somosuacmx.com.mx\/home\/wp-content\/uploads\/2024\/11\/pexels-element5-1370296-scaled.jpg","type":"image\/jpeg"}],"twitter_card":"summary_large_image","twitter_misc":{"Tiempo de lectura":"1 minuto"},"schema":{"@context":"https:\/\/schema.org","@graph":[{"@type":"WebPage","@id":"https:\/\/somosuacmx.com.mx\/home\/bienvenidas-y-bienvenidos\/","url":"https:\/\/somosuacmx.com.mx\/home\/bienvenidas-y-bienvenidos\/","name":"Bienvenidas y bienvenidos - UAO","isPartOf":{"@id":"https:\/\/somosuacmx.com.mx\/home\/#website"},"primaryImageOfPage":{"@id":"https:\/\/somosuacmx.com.mx\/home\/bienvenidas-y-bienvenidos\/#primaryimage"},"image":{"@id":"https:\/\/somosuacmx.com.mx\/home\/bienvenidas-y-bienvenidos\/#primaryimage"},"thumbnailUrl":"https:\/\/somosuacmx.com.mx\/home\/wp-content\/uploads\/2024\/11\/pexels-element5-1370296-scaled.jpg","datePublished":"2024-05-23T07:39:12+00:00","dateModified":"2024-11-12T03:30:25+00:00","breadcrumb":{"@id":"https:\/\/somosuacmx.com.mx\/home\/bienvenidas-y-bienvenidos\/#breadcrumb"},"inLanguage":"es","potentialAction":[{"@type":"ReadAction","target":["https:\/\/somosuacmx.com.mx\/home\/bienvenidas-y-bienvenidos\/"]}]},{"@type":"ImageObject","inLanguage":"es","@id":"https:\/\/somosuacmx.com.mx\/home\/bienvenidas-y-bienvenidos\/#primaryimage","url":"https:\/\/somosuacmx.com.mx\/home\/wp-content\/uploads\/2024\/11\/pexels-element5-1370296-scaled.jpg","contentUrl":"https:\/\/somosuacmx.com.mx\/home\/wp-content\/uploads\/2024\/11\/pexels-element5-1370296-scaled.jpg","width":2560,"height":1709},{"@type":"BreadcrumbList","@id":"https:\/\/somosuacmx.com.mx\/home\/bienvenidas-y-bienvenidos\/#breadcrumb","itemListElement":[{"@type":"ListItem","position":1,"name":"Portada","item":"https:\/\/somosuacmx.com.mx\/home\/"},{"@type":"ListItem","position":2,"name":"Bienvenidas y bienvenidos"}]},{"@type":"WebSite","@id":"https:\/\/somosuacmx.com.mx\/home\/#website","url":"https:\/\/somosuacmx.com.mx\/home\/","name":"Somos UAC","description":"Unidad Acad&eacute;mica de Occidente","publisher":{"@id":"https:\/\/somosuacmx.com.mx\/home\/#organization"},"potentialAction":[{"@type":"SearchAction","target":{"@type":"EntryPoint","urlTemplate":"https:\/\/somosuacmx.com.mx\/home\/?s={search_term_string}"},"query-input":{"@type":"PropertyValueSpecification","valueRequired":true,"valueName":"search_term_string"}}],"inLanguage":"es"},{"@type":"Organization","@id":"https:\/\/somosuacmx.com.mx\/home\/#organization","name":"Unidad Acad\u00e9mica de Occidente","url":"https:\/\/somosuacmx.com.mx\/home\/","logo":{"@type":"ImageObject","inLanguage":"es","@id":"https:\/\/somosuacmx.com.mx\/home\/#\/schema\/logo\/image\/","url":"https:\/\/somosuacmx.com.mx\/home\/wp-content\/uploads\/2024\/11\/logo_blanco.jpg","contentUrl":"https:\/\/somosuacmx.com.mx\/home\/wp-content\/uploads\/2024\/11\/logo_blanco.jpg","width":1080,"height":1080,"caption":"Unidad Acad\u00e9mica de Occidente"},"image":{"@id":"https:\/\/somosuacmx.com.mx\/home\/#\/schema\/logo\/image\/"}}]}},"uagb_featured_image_src":{"full":["https:\/\/somosuacmx.com.mx\/home\/wp-content\/uploads\/2024\/11\/pexels-element5-1370296-scaled.jpg",2560,1709,false],"thumbnail":["https:\/\/somosuacmx.com.mx\/home\/wp-content\/uploads\/2024\/11\/pexels-element5-1370296-150x150.jpg",150,150,true],"medium":["https:\/\/somosuacmx.com.mx\/home\/wp-content\/uploads\/2024\/11\/pexels-element5-1370296-300x200.jpg",300,200,true],"medium_large":["https:\/\/somosuacmx.com.mx\/home\/wp-content\/uploads\/2024\/11\/pexels-element5-1370296-768x513.jpg",640,428,true],"large":["https:\/\/somosuacmx.com.mx\/home\/wp-content\/uploads\/2024\/11\/pexels-element5-1370296-1024x684.jpg",640,428,true],"1536x1536":["https:\/\/somosuacmx.com.mx\/home\/wp-content\/uploads\/2024\/11\/pexels-element5-1370296-1536x1025.jpg",1536,1025,true],"2048x2048":["https:\/\/somosuacmx.com.mx\/home\/wp-content\/uploads\/2024\/11\/pexels-element5-1370296-2048x1367.jpg",2048,1367,true],"post-thumbnail":["https:\/\/somosuacmx.com.mx\/home\/wp-content\/uploads\/2024\/11\/pexels-element5-1370296-340x240.jpg",340,240,true]},"uagb_author_info":{"display_name":"admin","author_link":"https:\/\/somosuacmx.com.mx\/home\/author\/admin\/"},"uagb_comment_info":0,"uagb_excerpt":"La Unidad Acad\u00e9mica de Occidente les brinda una cordial bienvenida. Esta opci\u00f3n de Educaci\u00f3n Media Superior incorporada a la Secretar\u00eda de Educaci\u00f3n Jalisco (SEJ) les ofrece la oportunidad de cursar o retomar sus estudios de Bachillerato en modalidad virtual e intensiva desde cualquier lugar y con apoyo de un dispositivo electr\u00f3nico con acceso a Internet.&hellip;","_links":{"self":[{"href":"https:\/\/somosuacmx.com.mx\/home\/wp-json\/wp\/v2\/pages\/331","targetHints":{"allow":["GET"]}}],"collection":[{"href":"https:\/\/somosuacmx.com.mx\/home\/wp-json\/wp\/v2\/pages"}],"about":[{"href":"https:\/\/somosuacmx.com.mx\/home\/wp-json\/wp\/v2\/types\/page"}],"author":[{"embeddable":true,"href":"https:\/\/somosuacmx.com.mx\/home\/wp-json\/wp\/v2\/users\/1"}],"replies":[{"embeddable":true,"href":"https:\/\/somosuacmx.com.mx\/home\/wp-json\/wp\/v2\/comments?post=331"}],"version-history":[{"count":0,"href":"https:\/\/somosuacmx.com.mx\/home\/wp-json\/wp\/v2\/pages\/331\/revisions"}],"wp:featuredmedia":[{"embeddable":true,"href":"https:\/\/somosuacmx.com.mx\/home\/wp-json\/wp\/v2\/media\/429"}],"wp:attachment":[{"href":"https:\/\/somosuacmx.com.mx\/home\/wp-json\/wp\/v2\/media?parent=331"}],"curies":[{"name":"wp","href":"https:\/\/api.w.org\/{rel}","templated":true}]}}